{"id":787,"date":"2026-04-19T20:35:05","date_gmt":"2026-04-19T17:35:05","guid":{"rendered":"https:\/\/new.caem.com.tr\/about-us\/"},"modified":"2026-05-06T18:16:45","modified_gmt":"2026-05-06T15:16:45","slug":"about-us","status":"publish","type":"page","link":"https:\/\/caem.com.tr\/en\/about-us\/","title":{"rendered":"About Us"},"content":{"rendered":"<section class=\"section story-section\">\n    <div class=\"section__container\">\n        <div class=\"about-section__grid\">\n            <div class=\"about-section__content\">\n                                    <div class=\"about-section__text\">\n                        <p data-start=\"191\" data-end=\"362\">CAEM is a strong engineering and solution partner in the electrical sector, offering a solution-oriented approach through its extensive product portfolio and international distribution network.<\/p>\n<p data-start=\"364\" data-end=\"615\">As the authorized distributor in Turkey for globally recognized brands such as GEIS, ABB, Terasaki, Kehua, and Rittal, CAEM is not only a product supplier but also a solution partner delivering project-based, integrated, and sustainable solutions.<\/p>\n<p data-start=\"617\" data-end=\"847\">As of 2025, CAEM has become the main distributor of GEIS, a brand with a 130-year legacy, in Turkey and surrounding regions, further strengthening its regional presence through this strategic partnership.<\/p>\n<p data-start=\"849\" data-end=\"1206\">Our expert team is committed to delivering the highest quality products with the best service approach, ensuring engineering excellence in every project. We provide reliable and efficient system solutions across a wide range of sectors where energy continuity is critical, including industrial facilities, data centers, hospitals, and infrastructure projects. <\/p>\n<p data-start=\"1208\" data-end=\"1522\">Since 2024, CAEM has also strengthened its manufacturing identity by producing ATS (Automatic Transfer Switch) products under its own brand. This enables us to combine international distribution strength with local manufacturing capabilities, offering more flexible, faster, and competitive solutions to our customers.<\/p>\n<p data-start=\"1524\" data-end=\"1753\">Today, CAEM operates on an international scale with offices in Turkey, the Netherlands, and Dubai, delivering global-standard services through its experience across different regions and strong partnerships.<\/p>\n<p data-start=\"1755\" data-end=\"1988\">With the synergy created by its manufacturing capabilities and global brand collaborations, CAEM has become a trusted reference point in the industry, providing customers with the right product selection, system design, and long-term solution partnership.<\/p>\n                    <\/div>\n                \n                            <\/div>\n\n                            <div class=\"about-section__image animate animate--fade-in-right\">\n                    <img decoding=\"async\" src=\"https:\/\/caem.com.tr\/wp-content\/uploads\/2026\/04\/photo-1581092160607-ee22621dd758.jpeg\" alt=\"\">\n                <\/div>\n                    <\/div>\n    <\/div>\n<\/section>\n\n\n<section class=\"section values-grid-section section--gray\">\n    <div class=\"section__container\">\n                    <div class=\"section__header section__header--center\">\n                                    <h2 class=\"section-title section-title--center\">Our Mission, Vision and Values<\/h2>\n                                                    <p class=\"section-subtitle section-subtitle--center\">\n                        The core principles that shape the way we do business.                    <\/p>\n                            <\/div>\n        \n                    <div class=\"values-grid\">\n                                    <div class=\"value-card animate animate--fade-in-up\">\n                                                    <div class=\"value-card__icon\">\n                                <i class=\"fa-solid fa-bullseye\"><\/i>\n                            <\/div>\n                                                                            <h3 class=\"value-card__title\">Our Mission<\/h3>\n                                                                            <p class=\"value-card__text\">To be a reliable, innovative, and preferred global solution partner in energy solutions.<\/p>\n                                            <\/div>\n                                    <div class=\"value-card animate animate--fade-in-up delay-1\">\n                                                    <div class=\"value-card__icon\">\n                                <i class=\"fa-regular fa-eye\"><\/i>\n                            <\/div>\n                                                                            <h3 class=\"value-card__title\">Our Vision<\/h3>\n                                                                            <p class=\"value-card__text\">Y\u00fcksek kaliteli \u00fcr\u00fcnleri, g\u00fc\u00e7l\u00fc m\u00fchendislik yakla\u015f\u0131m\u0131yla birle\u015ftirerek m\u00fc\u015fterilerimize kesintisiz, g\u00fcvenli ve verimli sistemler sunmak.<\/p>\n                                            <\/div>\n                                    <div class=\"value-card animate animate--fade-in-up delay-2\">\n                                                    <div class=\"value-card__icon\">\n                                <i class=\"fa-regular fa-gem\"><\/i>\n                            <\/div>\n                                                                            <h3 class=\"value-card__title\">Our Values<\/h3>\n                                                                            <p class=\"value-card__text\">We deliver sustainable and high value-added solutions by embracing reliability, engineering excellence, quality, a solution-oriented approach, and a global perspective.<\/p>\n                                            <\/div>\n                            <\/div>\n            <\/div>\n<\/section>\n\n\n<section class=\"section offices-section\">\n    <div class=\"section__container\">\n                    <div class=\"section__header section__header--center\">\n                                    <h2 class=\"section-title section-title--center\">Our Offices<\/h2>\n                                                    <p class=\"section-subtitle section-subtitle--center\">\n                        Serving across three continents                    <\/p>\n                            <\/div>\n        \n                    <div class=\"offices-grid\">\n                                    <div class=\"office-card animate animate--fade-in-left\">\n                                                    <div class=\"office-card__image\">\n                                <img decoding=\"async\" src=\"https:\/\/caem.com.tr\/wp-content\/uploads\/2026\/04\/photo-1524231757912-21f4fe3a7200.jpeg\" alt=\"\">\n                            <\/div>\n                                                <div class=\"office-card__content\">\n                                                            <div class=\"office-card__flag\">\ud83c\uddf9\ud83c\uddf7<\/div>\n                                                                                        <h3 class=\"office-card__title\">T\u00fcrkiye \u2013 Headquarters<\/h3>\n                                                                                        <p class=\"office-card__address\">Atakent, Dicle Cd. No:13\/17D 34760 \u00dcmraniye \/ \u0130stanbul <\/p>\n                                                                                        <div class=\"office-card__contact\">\n                                                                                                                        <a href=\"tel:+902162506713\">\n                                                                                                    <i class=\"fa-solid fa-phone\"><\/i>\n                                                                                                +90 216 250 6713                                            <\/a>\n                                                                                                                                                                <a href=\"mailto:info@caem.com.tr\">\n                                                                                                    <i class=\"fa-regular fa-envelope\"><\/i>\n                                                                                                info@caem.com.tr                                            <\/a>\n                                                                                                            <\/div>\n                                                                                        <a href=\"https:\/\/www.google.com\/maps\/place\/Atakent,+Dicle+Cd.+No:13%2F17D,+34760+%C3%9Cmraniye%2F%C4%B0stanbul\" target=\"_blank\" rel=\"noopener noreferrer\" class=\"office-card__map-link\">\n                                    <i class=\"fas fa-map-marker-alt\"><\/i>\n                                    View on Map                                <\/a>\n                                                    <\/div>\n                    <\/div>\n                                    <div class=\"office-card animate animate--fade-in-up\">\n                                                    <div class=\"office-card__image\">\n                                <img decoding=\"async\" src=\"https:\/\/caem.com.tr\/wp-content\/uploads\/2026\/04\/photo-1534351590666-13e3e96b5017.jpeg\" alt=\"\">\n                            <\/div>\n                                                <div class=\"office-card__content\">\n                                                            <div class=\"office-card__flag\">\ud83c\uddf3\ud83c\uddf1<\/div>\n                                                                                        <h3 class=\"office-card__title\">Netherlands \u2013 CAEM Europe BV<\/h3>\n                                                                                        <p class=\"office-card__address\">Herengracht 420<br \/>\r\n1017BZ Amsterdam \/ Netherlands<\/p>\n                                                                                        <div class=\"office-card__contact\">\n                                                                                                                        <a href=\"mailto:europe@caem.com.tr\">\n                                                                                                    <i class=\"fa-regular fa-envelope\"><\/i>\n                                                                                                europe@caem.com.tr                                            <\/a>\n                                                                                                            <\/div>\n                                                                                        <a href=\"https:\/\/www.google.com\/maps\/place\/Herengracht+420,+1017+BZ+Amsterdam,+Netherlands\" target=\"_blank\" rel=\"noopener noreferrer\" class=\"office-card__map-link\">\n                                    <i class=\"fas fa-map-marker-alt\"><\/i>\n                                    View on Map                                <\/a>\n                                                    <\/div>\n                    <\/div>\n                                    <div class=\"office-card animate animate--fade-in-right\">\n                                                    <div class=\"office-card__image\">\n                                <img decoding=\"async\" src=\"https:\/\/caem.com.tr\/wp-content\/uploads\/2026\/04\/photo-1512453979798-5ea266f8880c.jpeg\" alt=\"\">\n                            <\/div>\n                                                <div class=\"office-card__content\">\n                                                            <div class=\"office-card__flag\">\ud83c\udde6\ud83c\uddea<\/div>\n                                                                                        <h3 class=\"office-card__title\">Dubai \u2013 CAEM Middle East<\/h3>\n                                                                                        <p class=\"office-card__address\">Meydan Grandstand, 6th floor<br \/>\r\nMeydan Road, Nad Al Sheba<br \/>\r\nDubai, U.A.E.<\/p>\n                                                                                                                    <a href=\"https:\/\/www.google.com\/maps\/place\/Meydan+Grandstand,+Dubai\" target=\"_blank\" rel=\"noopener noreferrer\" class=\"office-card__map-link\">\n                                    <i class=\"fas fa-map-marker-alt\"><\/i>\n                                    View on Map                                <\/a>\n                                                    <\/div>\n                    <\/div>\n                            <\/div>\n            <\/div>\n<\/section>\n\n\n<section class=\"cta-section\" style=\"background-image: url(https:\/\/caem.com.tr\/wp-content\/uploads\/2026\/04\/photo-1581092160562-40aa08e78837.jpeg);\">\n    <div class=\"cta-section__container\">\n                    <h2 class=\"cta-section__title\">Let&#039;s work together.<\/h2>\n                            <p class=\"cta-section__text\">Contact our expert team for your industrial electrical needs.<\/p>\n        \n                    <div class=\"cta-section__actions\">\n                                    <a href=\"https:\/\/caem.com.tr\/en\/about-us\/\" class=\"btn btn--lg btn--primary\">\n                                                About Us                                                    <i class=\"fa-solid fa-arrow-right\"><\/i>\n                                            <\/a>\n                                    <a href=\"https:\/\/caem.com.tr\/iletisim\/\" class=\"btn btn--lg btn--outline-white\">\n                                                Contact                                                    <i class=\"fa-solid fa-phone\"><\/i>\n                                            <\/a>\n                            <\/div>\n        \n            <\/div>\n<\/section>\n\n\n\n<p><\/p>\n","protected":false},"excerpt":{"rendered":"","protected":false},"author":1,"featured_media":0,"parent":0,"menu_order":0,"comment_status":"closed","ping_status":"closed","template":"page-templates\/page-about.php","meta":{"_acf_changed":false,"inline_featured_image":false,"footnotes":""},"class_list":["post-787","page","type-page","status-publish","hentry"],"acf":[],"_links":{"self":[{"href":"https:\/\/caem.com.tr\/en\/wp-json\/wp\/v2\/pages\/787","targetHints":{"allow":["GET"]}}],"collection":[{"href":"https:\/\/caem.com.tr\/en\/wp-json\/wp\/v2\/pages"}],"about":[{"href":"https:\/\/caem.com.tr\/en\/wp-json\/wp\/v2\/types\/page"}],"author":[{"embeddable":true,"href":"https:\/\/caem.com.tr\/en\/wp-json\/wp\/v2\/users\/1"}],"replies":[{"embeddable":true,"href":"https:\/\/caem.com.tr\/en\/wp-json\/wp\/v2\/comments?post=787"}],"version-history":[{"count":3,"href":"https:\/\/caem.com.tr\/en\/wp-json\/wp\/v2\/pages\/787\/revisions"}],"predecessor-version":[{"id":911,"href":"https:\/\/caem.com.tr\/en\/wp-json\/wp\/v2\/pages\/787\/revisions\/911"}],"wp:attachment":[{"href":"https:\/\/caem.com.tr\/en\/wp-json\/wp\/v2\/media?parent=787"}],"curies":[{"name":"wp","href":"https:\/\/api.w.org\/{rel}","templated":true}]}}