{"id":801,"date":"2026-04-19T22:36:58","date_gmt":"2026-04-19T19:36:58","guid":{"rendered":"https:\/\/new.caem.com.tr\/references\/"},"modified":"2026-05-05T15:45:07","modified_gmt":"2026-05-05T12:45:07","slug":"references","status":"publish","type":"page","link":"https:\/\/caem.com.tr\/en\/references\/","title":{"rendered":"References"},"content":{"rendered":"<section class=\"section clients-section section--gray\">\n    <div class=\"section__container\">\n        \n                    <div class=\"clients-grid\">\n                                                            <div class=\"partner-card animate animate--fade-in-up\">\n                            <img decoding=\"async\" src=\"https:\/\/caem.com.tr\/wp-content\/uploads\/2026\/05\/referanslar-9.png\" alt=\"ABB\">\n                        <\/div>\n                                                                                <div class=\"partner-card animate animate--fade-in-up\">\n                            <img decoding=\"async\" src=\"https:\/\/caem.com.tr\/wp-content\/uploads\/2026\/05\/referanslar.png\" alt=\"DHM\u0130\">\n                        <\/div>\n                                                                                <div class=\"partner-card animate animate--fade-in-up\">\n                            <img decoding=\"async\" src=\"https:\/\/caem.com.tr\/wp-content\/uploads\/2026\/05\/enka-seeklogo-300x60.png\" alt=\"Enka\">\n                        <\/div>\n                                                                                <div class=\"partner-card animate animate--fade-in-up\">\n                            <img decoding=\"async\" src=\"https:\/\/caem.com.tr\/wp-content\/uploads\/2026\/05\/erdemir-seeklogo-300x159.png\" alt=\"Erdemir\">\n                        <\/div>\n                                                                                <div class=\"partner-card animate animate--fade-in-up\">\n                            <img decoding=\"async\" src=\"https:\/\/caem.com.tr\/wp-content\/uploads\/2026\/05\/referanslar.webp\" alt=\"\u0130\u00e7ta\u015f \u0130n\u015faat\">\n                        <\/div>\n                                                                                <div class=\"partner-card animate animate--fade-in-up\">\n                            <img decoding=\"async\" src=\"https:\/\/caem.com.tr\/wp-content\/uploads\/2026\/04\/ifc-300x300.png\" alt=\"\u0130FC\">\n                        <\/div>\n                                                                                <div class=\"partner-card animate animate--fade-in-up\">\n                            <img decoding=\"async\" src=\"https:\/\/caem.com.tr\/wp-content\/uploads\/2026\/05\/referanslar-13.png\" alt=\"IGA\">\n                        <\/div>\n                                                                                <div class=\"partner-card animate animate--fade-in-up\">\n                            <img decoding=\"async\" src=\"https:\/\/caem.com.tr\/wp-content\/uploads\/2026\/05\/referanslar-12.png\" alt=\"\u0130lbank\">\n                        <\/div>\n                                                                                <div class=\"partner-card animate animate--fade-in-up\">\n                            <img decoding=\"async\" src=\"https:\/\/caem.com.tr\/wp-content\/uploads\/2026\/05\/referanslar-8-300x110.png\" alt=\"Kalyon\">\n                        <\/div>\n                                                                                <div class=\"partner-card animate animate--fade-in-up\">\n                            <img decoding=\"async\" src=\"https:\/\/caem.com.tr\/wp-content\/uploads\/2026\/05\/kardemir.png\" alt=\"Kardemir\">\n                        <\/div>\n                                                                                <div class=\"partner-card animate animate--fade-in-up\">\n                            <img decoding=\"async\" src=\"https:\/\/caem.com.tr\/wp-content\/uploads\/2026\/05\/referanslar-5.png\" alt=\"Maltepe \u00dcniversitesi\">\n                        <\/div>\n                                                                                <div class=\"partner-card animate animate--fade-in-up\">\n                            <img decoding=\"async\" src=\"https:\/\/caem.com.tr\/wp-content\/uploads\/2026\/05\/referanslar-11.png\" alt=\"Mekatronik M\u00fchendislik\">\n                        <\/div>\n                                                                                <div class=\"partner-card animate animate--fade-in-up\">\n                            <img decoding=\"async\" src=\"https:\/\/caem.com.tr\/wp-content\/uploads\/2026\/05\/ronesans-holding-seeklogo-300x40.png\" alt=\"R\u00f6nesans\">\n                        <\/div>\n                                                                                <div class=\"partner-card animate animate--fade-in-up\">\n                            <img decoding=\"async\" src=\"https:\/\/caem.com.tr\/wp-content\/uploads\/2026\/05\/referanslar-14-300x72.png\" alt=\"Siemens\">\n                        <\/div>\n                                                                                <div class=\"partner-card animate animate--fade-in-up\">\n                            <img decoding=\"async\" src=\"https:\/\/caem.com.tr\/wp-content\/uploads\/2026\/05\/referanslar-1-300x99.png\" alt=\"Socar\">\n                        <\/div>\n                                                                                <div class=\"partner-card animate animate--fade-in-up\">\n                            <img decoding=\"async\" src=\"https:\/\/caem.com.tr\/wp-content\/uploads\/2026\/04\/tcmb-300x60.png\" alt=\"TCMB\">\n                        <\/div>\n                                                                                <div class=\"partner-card animate animate--fade-in-up\">\n                            <img decoding=\"async\" src=\"https:\/\/caem.com.tr\/wp-content\/uploads\/2026\/05\/referanslar-2-300x300.png\" alt=\"TJK\">\n                        <\/div>\n                                                                                <div class=\"partner-card animate animate--fade-in-up\">\n                            <img decoding=\"async\" src=\"https:\/\/caem.com.tr\/wp-content\/uploads\/2026\/05\/referanslar-3-244x300.png\" alt=\"T\u00fcrk Hava Kuvvetleri\">\n                        <\/div>\n                                                                                <div class=\"partner-card animate animate--fade-in-up\">\n                            <img decoding=\"async\" src=\"https:\/\/caem.com.tr\/wp-content\/uploads\/2026\/05\/referanslar-7.png\" alt=\"Y\u0131ld\u0131zlar Grup\">\n                        <\/div>\n                                                                                <div class=\"partner-card animate animate--fade-in-up\">\n                            <img decoding=\"async\" src=\"https:\/\/caem.com.tr\/wp-content\/uploads\/2026\/05\/referanslar-10-300x63.png\" alt=\"Ziraat Bankas\u0131\">\n                        <\/div>\n                                                                                <div class=\"partner-card animate animate--fade-in-up\">\n                            <img decoding=\"async\" src=\"https:\/\/caem.com.tr\/wp-content\/uploads\/2026\/05\/Zorlu-Enerji-300x210.png\" alt=\"Zorlu Enerji\">\n                        <\/div>\n                                                <\/div>\n            <\/div>\n<\/section>\n","protected":false},"excerpt":{"rendered":"","protected":false},"author":1,"featured_media":0,"parent":0,"menu_order":0,"comment_status":"closed","ping_status":"closed","template":"page-templates\/page-references.php","meta":{"_acf_changed":false,"inline_featured_image":false,"footnotes":""},"class_list":["post-801","page","type-page","status-publish","hentry"],"acf":[],"_links":{"self":[{"href":"https:\/\/caem.com.tr\/en\/wp-json\/wp\/v2\/pages\/801","targetHints":{"allow":["GET"]}}],"collection":[{"href":"https:\/\/caem.com.tr\/en\/wp-json\/wp\/v2\/pages"}],"about":[{"href":"https:\/\/caem.com.tr\/en\/wp-json\/wp\/v2\/types\/page"}],"author":[{"embeddable":true,"href":"https:\/\/caem.com.tr\/en\/wp-json\/wp\/v2\/users\/1"}],"replies":[{"embeddable":true,"href":"https:\/\/caem.com.tr\/en\/wp-json\/wp\/v2\/comments?post=801"}],"version-history":[{"count":1,"href":"https:\/\/caem.com.tr\/en\/wp-json\/wp\/v2\/pages\/801\/revisions"}],"predecessor-version":[{"id":802,"href":"https:\/\/caem.com.tr\/en\/wp-json\/wp\/v2\/pages\/801\/revisions\/802"}],"wp:attachment":[{"href":"https:\/\/caem.com.tr\/en\/wp-json\/wp\/v2\/media?parent=801"}],"curies":[{"name":"wp","href":"https:\/\/api.w.org\/{rel}","templated":true}]}}