{"id":102,"date":"2022-09-06T20:13:55","date_gmt":"2022-09-06T17:13:55","guid":{"rendered":"https:\/\/caem.com.tr\/?page_id=102"},"modified":"2025-08-06T01:00:42","modified_gmt":"2025-08-05T22:00:42","slug":"zenith-ztg-t-series-ats","status":"publish","type":"page","link":"https:\/\/caem.com.tr\/tr\/urunlerimiz\/abb\/otomatik-transfer-salterleri\/zenith-ztg-t-series-ats\/","title":{"rendered":"Zenith ZTG-T Series ATS"},"content":{"rendered":"<p><strong>Otomatik Transfer Anahtarlar\u0131 30-3000 A<\/strong><\/p>\n<p>ZTG T serisi, genel ama\u00e7l\u0131 ticari ve end\u00fcstriyel uygulamalar i\u00e7in \u00fcretilmi\u015ftir. TruONE\u2122 teknolojisi ile g\u00fc\u00e7lendirilen Zenith ZTG serisi otomatik transfer \u015falteri, kablo ve ba\u011flant\u0131 say\u0131s\u0131n\u0131 azaltan tek bir kesintisiz, ba\u011f\u0131ms\u0131z \u00fcnitede \u015falteri ve denetleyiciyi birle\u015ftirir. Bu tasar\u0131m kasada yer tasarrufu sa\u011flar ve olas\u0131 ba\u011flant\u0131 ar\u0131zalar\u0131n\u0131 en aza indirir. Buna ek olarak tasar\u0131m, aksama s\u00fcresini ve servis maliyetlerini azaltmak i\u00e7in mod\u00fcler bile\u015fenler ve geli\u015fmi\u015f kontrol, ba\u011flant\u0131 ve enerji verimlili\u011fi i\u00e7in optimum bir arabirim i\u00e7erir.<\/p>\n","protected":false},"excerpt":{"rendered":"<p>Otomatik Transfer Anahtarlar\u0131 30-3000 A ZTG T serisi, genel ama\u00e7l\u0131 ticari ve end\u00fcstriyel uygulamalar i\u00e7in \u00fcretilmi\u015ftir. TruONE\u2122 teknolojisi ile g\u00fc\u00e7lendirilen Zenith ZTG serisi otomatik transfer \u015falteri, kablo ve ba\u011flant\u0131 say\u0131s\u0131n\u0131 azaltan tek bir kesintisiz, ba\u011f\u0131ms\u0131z \u00fcnitede \u015falteri ve denetleyiciyi birle\u015ftirir. Bu tasar\u0131m kasada yer tasarrufu sa\u011flar ve olas\u0131 ba\u011flant\u0131 ar\u0131zalar\u0131n\u0131 en aza indirir. Buna ek [&hellip;]<\/p>\n","protected":false},"author":1,"featured_media":293,"parent":1473,"menu_order":0,"comment_status":"closed","ping_status":"closed","template":"page-details.php","meta":{"inline_featured_image":false,"footnotes":""},"class_list":["post-102","page","type-page","status-publish","has-post-thumbnail","hentry"],"_links":{"self":[{"href":"https:\/\/caem.com.tr\/tr\/wp-json\/wp\/v2\/pages\/102","targetHints":{"allow":["GET"]}}],"collection":[{"href":"https:\/\/caem.com.tr\/tr\/wp-json\/wp\/v2\/pages"}],"about":[{"href":"https:\/\/caem.com.tr\/tr\/wp-json\/wp\/v2\/types\/page"}],"author":[{"embeddable":true,"href":"https:\/\/caem.com.tr\/tr\/wp-json\/wp\/v2\/users\/1"}],"replies":[{"embeddable":true,"href":"https:\/\/caem.com.tr\/tr\/wp-json\/wp\/v2\/comments?post=102"}],"version-history":[{"count":5,"href":"https:\/\/caem.com.tr\/tr\/wp-json\/wp\/v2\/pages\/102\/revisions"}],"predecessor-version":[{"id":298,"href":"https:\/\/caem.com.tr\/tr\/wp-json\/wp\/v2\/pages\/102\/revisions\/298"}],"up":[{"embeddable":true,"href":"https:\/\/caem.com.tr\/tr\/wp-json\/wp\/v2\/pages\/1473"}],"wp:featuredmedia":[{"embeddable":true,"href":"https:\/\/caem.com.tr\/tr\/wp-json\/wp\/v2\/media\/293"}],"wp:attachment":[{"href":"https:\/\/caem.com.tr\/tr\/wp-json\/wp\/v2\/media?parent=102"}],"curies":[{"name":"wp","href":"https:\/\/api.w.org\/{rel}","templated":true}]}}