{"id":12,"date":"2022-09-05T19:23:11","date_gmt":"2022-09-05T16:23:11","guid":{"rendered":"https:\/\/caem.com.tr\/?page_id=12"},"modified":"2026-01-27T15:43:24","modified_gmt":"2026-01-27T12:43:24","slug":"kurumsal","status":"publish","type":"page","link":"https:\/\/caem.com.tr\/tr\/kurumsal\/","title":{"rendered":"Hakk\u0131m\u0131zda"},"content":{"rendered":"<p><strong>CAEM,<\/strong> 2020 y\u0131l\u0131nda kurulmu\u015f olup, kurulu\u015fundan bu yana T\u00fcrk sanayisine elektrifikasyon ve m\u00fchendislik hizmetleri alan\u0131nda de\u011fer katmaktad\u0131r. Elektrik sekt\u00f6r\u00fcnde deneyimli m\u00fchendis kadrosuyla hem T\u00fcrkiye\u2019de hem de yurtd\u0131\u015f\u0131nda \u00e7ok say\u0131da projeyi ba\u015far\u0131yla tamamlayan firmam\u0131z, global i\u015f ortaklar\u0131yla birlikte faaliyet g\u00f6sterdi\u011fi pazarlarda g\u00fcvenilir bir \u00fcr\u00fcn ve hizmet sa\u011flay\u0131c\u0131s\u0131 konumuna ula\u015fm\u0131\u015ft\u0131r.<\/p>\n<p>\u0130stanbul\u2019daki iki ofisimiz ve depomuzun yan\u0131 s\u0131ra, Hollanda\u2019n\u0131n Amsterdam \u015fehrindeki ofisimizle T\u00fcrkiye ve EMEA \u2018n\u0131n yan\u0131 s\u0131ra Avrupa pazar\u0131nda da etkin bir \u015fekilde yer almaktay\u0131z. Uluslararas\u0131 distrib\u00fct\u00f6rl\u00fck a\u011f\u0131m\u0131z ve geni\u015f \u00fcr\u00fcn portf\u00f6y\u00fcm\u00fcz sayesinde<strong> CAEM,<\/strong> m\u00fc\u015fterilerine her zaman \u00e7\u00f6z\u00fcm odakl\u0131, kaliteli ve s\u00fcrd\u00fcr\u00fclebilir hizmetler sunmay\u0131 ilke edinmi\u015ftir.<\/p>\n<h3><span style=\"color: #3366ff;\">Distrib\u00fct\u00f6rl\u00fck ve \u00dcr\u00fcn Portf\u00f6y\u00fc<\/span><\/h3>\n<p><strong>CAEM<\/strong>, elektrik sekt\u00f6r\u00fcnde d\u00fcnya \u00e7ap\u0131nda tan\u0131nm\u0131\u015f bir\u00e7ok \u00fcretici firman\u0131n T\u00fcrkiye ve \u00e7e\u015fitli \u00fclkelerde distrib\u00fct\u00f6rl\u00fc\u011f\u00fcn\u00fc y\u00fcr\u00fctmektedir. Uzmanl\u0131k alanlar\u0131m\u0131zda lider \u00fcreticilerle ger\u00e7ekle\u015ftirdi\u011fimiz stratejik i\u015f birlikleri, m\u00fc\u015fterilerimize y\u00fcksek kaliteli, g\u00fcvenilir ve yenilik\u00e7i \u00e7\u00f6z\u00fcmler sunmam\u0131z\u0131 sa\u011flamaktad\u0131r.<br \/>\nSekt\u00f6rdeki deneyimimizi \u00fcretici kimli\u011fimize de ta\u015f\u0131yarak 2024 y\u0131l\u0131 itibar\u0131yla, otomatik transfer \u015falteri (ATS) \u00fcr\u00fcnlerimizi <strong>CAEM<\/strong> markas\u0131 alt\u0131nda \u00fcretmeye ba\u015flam\u0131\u015f bulunmaktay\u0131z. CAEM markam\u0131zla 2025 hedeflerimiz do\u011frultusunda, \u00fcr\u00fcn \u00e7e\u015fitlili\u011fimizi art\u0131rarak \u00fcretici kimli\u011fimizi daha da g\u00fc\u00e7lendirmeyi hedefliyoruz.<\/p>\n<h3><span style=\"color: #3366ff;\">Kalite ve M\u00fckemmeliyet Anlay\u0131\u015f\u0131<\/span><\/h3>\n<p><strong>CAEM<\/strong>\u00a0olarak, Profesyonel ve alan\u0131nda uzman ekibimiz, m\u00fckemmeliyet\u00e7i hizmet anlay\u0131\u015f\u0131n\u0131 benimseyerek en kaliteli \u00fcr\u00fcnleri en iyi servisle sunmay\u0131 temel ilke olarak kabul etmi\u015ftir. \u00dcretici olman\u0131n getirdi\u011fi g\u00fc\u00e7 ve uluslararas\u0131 da\u011f\u0131t\u0131m a\u011f\u0131m\u0131z\u0131n sa\u011flad\u0131\u011f\u0131 sinerji ile, i\u015f ortaklar\u0131m\u0131za katma de\u011feri y\u00fcksek \u00e7\u00f6z\u00fcmler sunmaktan gurur duyuyoruz.<\/p>\n","protected":false},"excerpt":{"rendered":"<p>CAEM, 2020 y\u0131l\u0131nda kurulmu\u015f olup, kurulu\u015fundan bu yana T\u00fcrk sanayisine elektrifikasyon ve m\u00fchendislik hizmetleri alan\u0131nda de\u011fer katmaktad\u0131r. Elektrik sekt\u00f6r\u00fcnde deneyimli m\u00fchendis kadrosuyla hem T\u00fcrkiye\u2019de hem de yurtd\u0131\u015f\u0131nda \u00e7ok say\u0131da projeyi ba\u015far\u0131yla tamamlayan firmam\u0131z, global i\u015f ortaklar\u0131yla birlikte faaliyet g\u00f6sterdi\u011fi pazarlarda g\u00fcvenilir bir \u00fcr\u00fcn ve hizmet sa\u011flay\u0131c\u0131s\u0131 konumuna ula\u015fm\u0131\u015ft\u0131r. \u0130stanbul\u2019daki iki ofisimiz ve depomuzun yan\u0131 s\u0131ra, [&hellip;]<\/p>\n","protected":false},"author":1,"featured_media":0,"parent":0,"menu_order":0,"comment_status":"closed","ping_status":"closed","template":"page-about.php","meta":{"inline_featured_image":false,"footnotes":""},"class_list":["post-12","page","type-page","status-publish","hentry"],"acf":{"sayfa_header_arkaplan_masaustu":{"ID":275,"id":275,"title":"kurumsal-1","filename":"kurumsal.jpg","filesize":337806,"url":"https:\/\/caem.com.tr\/wp-content\/uploads\/2023\/06\/kurumsal.jpg","link":"https:\/\/caem.com.tr\/tr\/kurumsal\/kurumsal-1\/","alt":"","author":"1","description":"","caption":"","name":"kurumsal-1","status":"inherit","uploaded_to":12,"date":"2023-06-12 10:48:05","modified":"2023-06-12 10:48:05","menu_order":0,"mime_type":"image\/jpeg","type":"image","subtype":"jpeg","icon":"https:\/\/caem.com.tr\/wp-includes\/images\/media\/default.png","width":1920,"height":370,"sizes":{"thumbnail":"https:\/\/caem.com.tr\/wp-content\/uploads\/2023\/06\/kurumsal-150x150.jpg","thumbnail-width":150,"thumbnail-height":150,"medium":"https:\/\/caem.com.tr\/wp-content\/uploads\/2023\/06\/kurumsal-300x58.jpg","medium-width":300,"medium-height":58,"medium_large":"https:\/\/caem.com.tr\/wp-content\/uploads\/2023\/06\/kurumsal-768x148.jpg","medium_large-width":768,"medium_large-height":148,"large":"https:\/\/caem.com.tr\/wp-content\/uploads\/2023\/06\/kurumsal-1024x197.jpg","large-width":1024,"large-height":197,"1536x1536":"https:\/\/caem.com.tr\/wp-content\/uploads\/2023\/06\/kurumsal-1536x296.jpg","1536x1536-width":1536,"1536x1536-height":296,"2048x2048":"https:\/\/caem.com.tr\/wp-content\/uploads\/2023\/06\/kurumsal.jpg","2048x2048-width":1920,"2048x2048-height":370,"post-thumbnail":"https:\/\/caem.com.tr\/wp-content\/uploads\/2023\/06\/kurumsal-660x370.jpg","post-thumbnail-width":660,"post-thumbnail-height":370,"category-img":"https:\/\/caem.com.tr\/wp-content\/uploads\/2023\/06\/kurumsal-430x370.jpg","category-img-width":430,"category-img-height":370,"category-img-mobil":"https:\/\/caem.com.tr\/wp-content\/uploads\/2023\/06\/kurumsal-300x370.jpg","category-img-mobil-width":300,"category-img-mobil-height":370,"news-img":"https:\/\/caem.com.tr\/wp-content\/uploads\/2023\/06\/kurumsal-430x280.jpg","news-img-width":430,"news-img-height":280}},"sayfa_header_arkaplan_mobil":{"ID":276,"id":276,"title":"kurumsal-1m","filename":"kurumsal-1.jpg","filesize":69010,"url":"https:\/\/caem.com.tr\/wp-content\/uploads\/2023\/06\/kurumsal-1.jpg","link":"https:\/\/caem.com.tr\/tr\/kurumsal\/kurumsal-1m\/","alt":"","author":"1","description":"","caption":"","name":"kurumsal-1m","status":"inherit","uploaded_to":12,"date":"2023-06-12 10:48:41","modified":"2023-06-12 10:48:41","menu_order":0,"mime_type":"image\/jpeg","type":"image","subtype":"jpeg","icon":"https:\/\/caem.com.tr\/wp-includes\/images\/media\/default.png","width":375,"height":330,"sizes":{"thumbnail":"https:\/\/caem.com.tr\/wp-content\/uploads\/2023\/06\/kurumsal-1-150x150.jpg","thumbnail-width":150,"thumbnail-height":150,"medium":"https:\/\/caem.com.tr\/wp-content\/uploads\/2023\/06\/kurumsal-1-300x264.jpg","medium-width":300,"medium-height":264,"medium_large":"https:\/\/caem.com.tr\/wp-content\/uploads\/2023\/06\/kurumsal-1.jpg","medium_large-width":375,"medium_large-height":330,"large":"https:\/\/caem.com.tr\/wp-content\/uploads\/2023\/06\/kurumsal-1.jpg","large-width":375,"large-height":330,"1536x1536":"https:\/\/caem.com.tr\/wp-content\/uploads\/2023\/06\/kurumsal-1.jpg","1536x1536-width":375,"1536x1536-height":330,"2048x2048":"https:\/\/caem.com.tr\/wp-content\/uploads\/2023\/06\/kurumsal-1.jpg","2048x2048-width":375,"2048x2048-height":330,"post-thumbnail":"https:\/\/caem.com.tr\/wp-content\/uploads\/2023\/06\/kurumsal-1.jpg","post-thumbnail-width":375,"post-thumbnail-height":330,"category-img":"https:\/\/caem.com.tr\/wp-content\/uploads\/2023\/06\/kurumsal-1.jpg","category-img-width":375,"category-img-height":330,"category-img-mobil":"https:\/\/caem.com.tr\/wp-content\/uploads\/2023\/06\/kurumsal-1-300x330.jpg","category-img-mobil-width":300,"category-img-mobil-height":330,"news-img":"https:\/\/caem.com.tr\/wp-content\/uploads\/2023\/06\/kurumsal-1-375x280.jpg","news-img-width":375,"news-img-height":280}},"aciklama_alani":{"gorsel":false,"aciklama":""},"hizmetler":{"kisa_baslik":"CAEM a\u015fa\u011f\u0131daki elektrik materyallerine ait gruplarda geni\u015f bir portf\u00f6ye sahiptir.","baslik":"M\u00fc\u015fterilerimize sa\u011flad\u0131\u011f\u0131m\u0131z \u00fcr\u00fcn ve hizmetler"},"hizmetler_liste":[{"hizmet_adi":"ATS (Otomatik Transfer \u015ealteri) \u00fcr\u00fcnleri sat\u0131\u015f, m\u00fchendislik, devreye alma ve teknik destek hizmetleri"},{"hizmet_adi":"Al\u00e7ak Gerilim \u015ealt \u00dcr\u00fcnleri, Al\u00e7ak Gerilim Pano dizayn\u0131, M\u00fchendislik ve teknik destek hizmetleri"},{"hizmet_adi":"TVSS\/SPD \u00fcr\u00fcn sat\u0131\u015f, m\u00fchendislik, devreye alma ve teknik destek hizmetleri"},{"hizmet_adi":"Bina Otomasyon ve Yang\u0131n Alg\u0131lama Sistem \u00dcr\u00fcnleri ve \u00c7\u00f6z\u00fcmleri"},{"hizmet_adi":"Orta Gerilim \u00dcr\u00fcnleri (Devre Kesiciler, Kontakt\u00f6rler ve Koruma R\u00f6leleri), OG Paneller ve Ekipmanlar"},{"hizmet_adi":"Veri Merkezi Ekipman ve \u00c7\u00f6z\u00fcmleri (Kabinet, \u0130klim kontol\u00fc)"}]},"_links":{"self":[{"href":"https:\/\/caem.com.tr\/tr\/wp-json\/wp\/v2\/pages\/12","targetHints":{"allow":["GET"]}}],"collection":[{"href":"https:\/\/caem.com.tr\/tr\/wp-json\/wp\/v2\/pages"}],"about":[{"href":"https:\/\/caem.com.tr\/tr\/wp-json\/wp\/v2\/types\/page"}],"author":[{"embeddable":true,"href":"https:\/\/caem.com.tr\/tr\/wp-json\/wp\/v2\/users\/1"}],"replies":[{"embeddable":true,"href":"https:\/\/caem.com.tr\/tr\/wp-json\/wp\/v2\/comments?post=12"}],"version-history":[{"count":27,"href":"https:\/\/caem.com.tr\/tr\/wp-json\/wp\/v2\/pages\/12\/revisions"}],"predecessor-version":[{"id":1518,"href":"https:\/\/caem.com.tr\/tr\/wp-json\/wp\/v2\/pages\/12\/revisions\/1518"}],"wp:attachment":[{"href":"https:\/\/caem.com.tr\/tr\/wp-json\/wp\/v2\/media?parent=12"}],"curies":[{"name":"wp","href":"https:\/\/api.w.org\/{rel}","templated":true}]}}