{"id":13,"date":"2022-09-05T19:23:16","date_gmt":"2022-09-05T16:23:16","guid":{"rendered":"https:\/\/caem.com.tr\/?page_id=13"},"modified":"2025-12-30T16:40:33","modified_gmt":"2025-12-30T13:40:33","slug":"iletisim","status":"publish","type":"page","link":"https:\/\/caem.com.tr\/tr\/iletisim\/","title":{"rendered":"\u0130leti\u015fim"},"content":{"rendered":"","protected":false},"excerpt":{"rendered":"","protected":false},"author":1,"featured_media":0,"parent":0,"menu_order":0,"comment_status":"closed","ping_status":"closed","template":"page-contact.php","meta":{"inline_featured_image":false,"footnotes":""},"class_list":["post-13","page","type-page","status-publish","hentry"],"acf":{"sayfa_header_arkaplan_masaustu":{"ID":377,"id":377,"title":"contact-head-1","filename":"iletisim-1.jpg","filesize":282099,"url":"https:\/\/caem.com.tr\/wp-content\/uploads\/2023\/06\/iletisim-1.jpg","link":"https:\/\/caem.com.tr\/tr\/iletisim\/contact-head-1\/","alt":"","author":"1","description":"","caption":"","name":"contact-head-1","status":"inherit","uploaded_to":13,"date":"2023-06-12 12:20:00","modified":"2023-06-12 12:20:00","menu_order":0,"mime_type":"image\/jpeg","type":"image","subtype":"jpeg","icon":"https:\/\/caem.com.tr\/wp-includes\/images\/media\/default.png","width":1920,"height":370,"sizes":{"thumbnail":"https:\/\/caem.com.tr\/wp-content\/uploads\/2023\/06\/iletisim-1-150x150.jpg","thumbnail-width":150,"thumbnail-height":150,"medium":"https:\/\/caem.com.tr\/wp-content\/uploads\/2023\/06\/iletisim-1-300x58.jpg","medium-width":300,"medium-height":58,"medium_large":"https:\/\/caem.com.tr\/wp-content\/uploads\/2023\/06\/iletisim-1-768x148.jpg","medium_large-width":768,"medium_large-height":148,"large":"https:\/\/caem.com.tr\/wp-content\/uploads\/2023\/06\/iletisim-1-1024x197.jpg","large-width":1024,"large-height":197,"1536x1536":"https:\/\/caem.com.tr\/wp-content\/uploads\/2023\/06\/iletisim-1-1536x296.jpg","1536x1536-width":1536,"1536x1536-height":296,"2048x2048":"https:\/\/caem.com.tr\/wp-content\/uploads\/2023\/06\/iletisim-1.jpg","2048x2048-width":1920,"2048x2048-height":370,"post-thumbnail":"https:\/\/caem.com.tr\/wp-content\/uploads\/2023\/06\/iletisim-1-660x370.jpg","post-thumbnail-width":660,"post-thumbnail-height":370,"category-img":"https:\/\/caem.com.tr\/wp-content\/uploads\/2023\/06\/iletisim-1-430x370.jpg","category-img-width":430,"category-img-height":370,"category-img-mobil":"https:\/\/caem.com.tr\/wp-content\/uploads\/2023\/06\/iletisim-1-300x370.jpg","category-img-mobil-width":300,"category-img-mobil-height":370,"news-img":"https:\/\/caem.com.tr\/wp-content\/uploads\/2023\/06\/iletisim-1-430x280.jpg","news-img-width":430,"news-img-height":280}},"sayfa_header_arkaplan_mobil":{"ID":379,"id":379,"title":"contact-head-1m","filename":"iletisim-2.jpg","filesize":50290,"url":"https:\/\/caem.com.tr\/wp-content\/uploads\/2023\/06\/iletisim-2.jpg","link":"https:\/\/caem.com.tr\/tr\/iletisim\/contact-head-1m\/","alt":"","author":"1","description":"","caption":"","name":"contact-head-1m","status":"inherit","uploaded_to":13,"date":"2023-06-12 12:20:10","modified":"2023-06-12 12:20:10","menu_order":0,"mime_type":"image\/jpeg","type":"image","subtype":"jpeg","icon":"https:\/\/caem.com.tr\/wp-includes\/images\/media\/default.png","width":375,"height":330,"sizes":{"thumbnail":"https:\/\/caem.com.tr\/wp-content\/uploads\/2023\/06\/iletisim-2-150x150.jpg","thumbnail-width":150,"thumbnail-height":150,"medium":"https:\/\/caem.com.tr\/wp-content\/uploads\/2023\/06\/iletisim-2-300x264.jpg","medium-width":300,"medium-height":264,"medium_large":"https:\/\/caem.com.tr\/wp-content\/uploads\/2023\/06\/iletisim-2.jpg","medium_large-width":375,"medium_large-height":330,"large":"https:\/\/caem.com.tr\/wp-content\/uploads\/2023\/06\/iletisim-2.jpg","large-width":375,"large-height":330,"1536x1536":"https:\/\/caem.com.tr\/wp-content\/uploads\/2023\/06\/iletisim-2.jpg","1536x1536-width":375,"1536x1536-height":330,"2048x2048":"https:\/\/caem.com.tr\/wp-content\/uploads\/2023\/06\/iletisim-2.jpg","2048x2048-width":375,"2048x2048-height":330,"post-thumbnail":"https:\/\/caem.com.tr\/wp-content\/uploads\/2023\/06\/iletisim-2.jpg","post-thumbnail-width":375,"post-thumbnail-height":330,"category-img":"https:\/\/caem.com.tr\/wp-content\/uploads\/2023\/06\/iletisim-2.jpg","category-img-width":375,"category-img-height":330,"category-img-mobil":"https:\/\/caem.com.tr\/wp-content\/uploads\/2023\/06\/iletisim-2-300x330.jpg","category-img-mobil-width":300,"category-img-mobil-height":330,"news-img":"https:\/\/caem.com.tr\/wp-content\/uploads\/2023\/06\/iletisim-2-375x280.jpg","news-img-width":375,"news-img-height":280}},"adres_baslik":"Bize Ula\u015f\u0131n","telefon":"+90 216 250 6713 ","email":"info@caem.com.tr","whatsapp":"+90537 955 70 25","adres":"Atakent, Dicle Cd. No:13\/17D, 34760 \u00dcmraniye\/\u0130stanbul","iletisim_formu":[{"ID":8,"post_author":"1","post_date":"2022-09-02 13:33:51","post_date_gmt":"2022-09-02 10:33:51","post_content":"<h2 data-aos=\"fade-up\" data-aos-delay=\"200\">\u0130leti\u015fim Formu<\/h2>\r\n<div data-aos=\"fade-up\" data-aos-delay=\"300\" style=\"width:100%\">[text* your-name watermark \"Ad Soyad\"]<\/div>\r\n<div data-aos=\"fade-up\" data-aos-delay=\"400\" style=\"width:100%\">[tel* your-phone watermark \"Telefon\"]<\/div>\r\n<div data-aos=\"fade-up\" data-aos-delay=\"500\" style=\"width:100%\">[email* your-email watermark \"E-Mail Adresiniz\"]<\/div>\r\n<div data-aos=\"fade-up\" data-aos-delay=\"600\" style=\"width:100%\">[textarea your-message watermark \"Mesaj\u0131n\u0131z\"]<\/div>\r\n<div data-aos=\"fade-up\" data-aos-delay=\"700\" style=\"width:100%\">[submit \"Mesaj\u0131 G\u00f6nder\"]<\/div>\r\n<div class=\"clear\"><\/div><!-- \/.clear -->\n1\n[_site_title] \"[your-subject]\"\n[your-name] <[your-email]>\ninfo@caem.com.tr\nKimden: [your-name] <[your-email]>\r\nTelefon: [your-phone]\r\n\r\n\u0130leti g\u00f6vdesi:\r\n[your-message]\r\n\r\n-- \r\nBu e-posta, [_site_title] ([_site_url]) adresindeki ileti\u015fim formundan g\u00f6nderildi.\n\n\n\n\n\n[_site_title] \"[your-subject]\"\n[_site_title] <ozan.baysal@webtegre.com>\n[your-email]\n\u0130leti g\u00f6vdesi:\r\n[your-message]\r\n\r\n-- \r\nBu e-posta, [_site_title] ([_site_url]) adresindeki ileti\u015fim formundan g\u00f6nderildi.\nReply-To: [_site_admin_email]\n\n\n\nMesaj\u0131n\u0131z i\u00e7in te\u015fekk\u00fcrler. G\u00f6nderildi.\nMesaj\u0131n\u0131z g\u00f6nderilirken bir hata olu\u015ftu. L\u00fctfen daha sonra tekrar deneyin.\nBir veya daha fazla alanda hata bulundu. L\u00fctfen kontrol edin ve tekrar deneyin.\nMesaj\u0131n\u0131z g\u00f6nderilirken bir hata olu\u015ftu. L\u00fctfen daha sonra tekrar deneyin.\nMesaj\u0131n\u0131z\u0131 g\u00f6ndermeden \u00f6nce \u015fartlar\u0131 ve ko\u015fullar\u0131 kabul etmeniz gerekmektedir.\nPlease fill out this field.\nThis field has a too long input.\nThis field has a too short input.\nDosya y\u00fcklenirken bilinmeyen bir hata olu\u015ftu.\nBu dosya t\u00fcr\u00fcn\u00fc y\u00fckleme iznine sahip de\u011filsiniz.\nThe uploaded file is too large.\nDosya y\u00fcklenirken hata meydana geldi.\nPlease enter a date in YYYY-MM-DD format.\nThis field has a too early date.\nThis field has a too late date.\nPlease enter a number.\nThis field has a too small number.\nThis field has a too large number.\nSoruya verilen cevap do\u011fru de\u011fil.\nPlease enter an email address.\nPlease enter a URL.\nPlease enter a telephone number.","post_title":"iletisim-form-tr","post_excerpt":"","post_status":"publish","comment_status":"closed","ping_status":"closed","post_password":"","post_name":"iletisim-formu-1","to_ping":"","pinged":"","post_modified":"2023-07-11 16:28:22","post_modified_gmt":"2023-07-11 13:28:22","post_content_filtered":"","post_parent":0,"guid":"https:\/\/caem.com.tr\/?post_type=wpcf7_contact_form&#038;p=8","menu_order":0,"post_type":"wpcf7_contact_form","post_mime_type":"","comment_count":"0","filter":"raw"}],"harita":{"address":"Atakent, Dicle Cd. no 13, 34758 Dudullu Osb\/\u00dcmraniye\/\u0130stanbul, T\u00fcrkiye","lat":40.9919544,"lng":29.1378802,"zoom":14,"place_id":"ElRBdGHFn2VoaXIgQXRhdMO8cmssIERpY2xlIENkLiBObzoxMywgMzQ3NTggRHVkdWxsdSBPc2IvQXRhxZ9laGlyL8Swc3RhbmJ1bCwgVMO8cmtpeWUiMBIuChQKEglZuEZmq8jKFBGS3_iG07qTgBANKhQKEgnBkqBXqcjKFBHT456H5iMrqg","name":"Dicle Cd. No:13","street_number":"13","street_name":"Dicle Caddesi","street_name_short":"Dicle Cd.","state":"\u0130stanbul","post_code":"34758","country":"T\u00fcrkiye","country_short":"TR"},"telefon_2":"+90 216 520 5005","adresler":[{"adres_baslik":"\u0130stanbul Ofis","telefon":"+90 216 250 6713","telefon_2":"+90 216 520 5005","email":"info@caem.com.tr","whatsapp":"","adres":"Atakent, Dicle Cd. No:13\/17D, 34760 \u00dcmraniye\/\u0130stanbul","harita":{"address":"Atakent, Dicle Cd. No:13\/17D, 34760 \u00dcmraniye\/\u0130stanbul","lat":41.00885900000001,"lng":29.1032518,"zoom":14,"place_id":"EkNBdGFrZW50LCBEaWNsZSBDZC4gTm86MTMgRDoxN2QsIDM0NzYwIMOcbXJhbml5ZS_EsHN0YW5idWwsIFTDvHJraXllIh8aHQoWChQKEgnTmqwzjsjKFBE2_uNhTWWl_RIDMTdk","street_number":"13","street_name":"Dicle Caddesi","street_name_short":"Dicle Cd.","state":"\u0130stanbul","post_code":"34760","country":"T\u00fcrkiye","country_short":"TR"}},{"adres_baslik":"Hollanda Ofis","telefon":"","telefon_2":"","email":"","whatsapp":"","adres":"CAEM Europe BV. Herengracht 420 1017BZ Amsterdam \/ Netherlands","harita":false}]},"_links":{"self":[{"href":"https:\/\/caem.com.tr\/tr\/wp-json\/wp\/v2\/pages\/13","targetHints":{"allow":["GET"]}}],"collection":[{"href":"https:\/\/caem.com.tr\/tr\/wp-json\/wp\/v2\/pages"}],"about":[{"href":"https:\/\/caem.com.tr\/tr\/wp-json\/wp\/v2\/types\/page"}],"author":[{"embeddable":true,"href":"https:\/\/caem.com.tr\/tr\/wp-json\/wp\/v2\/users\/1"}],"replies":[{"embeddable":true,"href":"https:\/\/caem.com.tr\/tr\/wp-json\/wp\/v2\/comments?post=13"}],"version-history":[{"count":21,"href":"https:\/\/caem.com.tr\/tr\/wp-json\/wp\/v2\/pages\/13\/revisions"}],"predecessor-version":[{"id":1508,"href":"https:\/\/caem.com.tr\/tr\/wp-json\/wp\/v2\/pages\/13\/revisions\/1508"}],"wp:attachment":[{"href":"https:\/\/caem.com.tr\/tr\/wp-json\/wp\/v2\/media?parent=13"}],"curies":[{"name":"wp","href":"https:\/\/api.w.org\/{rel}","templated":true}]}}