{"id":137,"date":"2022-09-07T16:51:49","date_gmt":"2022-09-07T13:51:49","guid":{"rendered":"https:\/\/caem.com.tr\/?page_id=137"},"modified":"2026-02-03T12:26:03","modified_gmt":"2026-02-03T09:26:03","slug":"cozum-ortaklarimiz","status":"publish","type":"page","link":"https:\/\/caem.com.tr\/tr\/cozum-ortaklarimiz\/","title":{"rendered":"\u00c7\u00f6z\u00fcm Ortaklar\u0131m\u0131z"},"content":{"rendered":"<div id='gallery-1' class='image-gallery col-12 nopadding galleryid-137' data-aos='fade-in' data-aos-delay='300'>\n    <div class='row'><dl class='col col-xl-3 col-lg-3 col-md-3 col-sm-12 col-12 box'>\n            <dt class='img'>\n                <div class='table-cell'>\n                    <a href='https:\/\/caem.com.tr\/wp-content\/uploads\/2025\/03\/cozum-ortaklarimiz-e1752825246660.png'><img loading=\"lazy\" decoding=\"async\" width=\"111\" height=\"40\" src=\"https:\/\/caem.com.tr\/wp-content\/uploads\/2025\/03\/cozum-ortaklarimiz-e1752825246660.png\" class=\"attachment-full size-full\" alt=\"\" \/><\/a>\n                <\/div>\n            <\/dt>\n        <\/dl><dl class='col col-xl-3 col-lg-3 col-md-3 col-sm-12 col-12 box'>\n            <dt class='img'>\n                <div class='table-cell'>\n                    <a href='https:\/\/caem.com.tr\/wp-content\/uploads\/2022\/09\/cozum-ortaklarimiz.png'><img loading=\"lazy\" decoding=\"async\" width=\"105\" height=\"40\" src=\"https:\/\/caem.com.tr\/wp-content\/uploads\/2022\/09\/cozum-ortaklarimiz.png\" class=\"attachment-full size-full\" alt=\"\" \/><\/a>\n                <\/div>\n            <\/dt>\n        <\/dl><dl class='col col-xl-3 col-lg-3 col-md-3 col-sm-12 col-12 box'>\n            <dt class='img'>\n                <div class='table-cell'>\n                    <a href='https:\/\/caem.com.tr\/wp-content\/uploads\/2022\/09\/cozum-ortaklarimiz-3.png'><img loading=\"lazy\" decoding=\"async\" width=\"190\" height=\"54\" src=\"https:\/\/caem.com.tr\/wp-content\/uploads\/2022\/09\/cozum-ortaklarimiz-3.png\" class=\"attachment-full size-full\" alt=\"\" \/><\/a>\n                <\/div>\n            <\/dt>\n        <\/dl><dl class='col col-xl-3 col-lg-3 col-md-3 col-sm-12 col-12 box'>\n            <dt class='img'>\n                <div class='table-cell'>\n                    <a href='https:\/\/caem.com.tr\/wp-content\/uploads\/2024\/10\/cozum-ortaklarimiz-2.jpg'><img loading=\"lazy\" decoding=\"async\" width=\"246\" height=\"54\" src=\"https:\/\/caem.com.tr\/wp-content\/uploads\/2024\/10\/cozum-ortaklarimiz-2.jpg\" class=\"attachment-full size-full\" alt=\"\" \/><\/a>\n                <\/div>\n            <\/dt>\n        <\/dl><div class=\"clearfix\"><\/div><dl class='col col-xl-3 col-lg-3 col-md-3 col-sm-12 col-12 box'>\n            <dt class='img'>\n                <div class='table-cell'>\n                    <a href='https:\/\/caem.com.tr\/wp-content\/uploads\/2022\/09\/cozum-ortaklarimiz-2.png'><img loading=\"lazy\" decoding=\"async\" width=\"44\" height=\"60\" src=\"https:\/\/caem.com.tr\/wp-content\/uploads\/2022\/09\/cozum-ortaklarimiz-2.png\" class=\"attachment-full size-full\" alt=\"\" \/><\/a>\n                <\/div>\n            <\/dt>\n        <\/dl><dl class='col col-xl-3 col-lg-3 col-md-3 col-sm-12 col-12 box'>\n            <dt class='img'>\n                <div class='table-cell'>\n                    <a href='https:\/\/caem.com.tr\/wp-content\/uploads\/2022\/09\/cozum-ortaklarimiz-1.png'><img loading=\"lazy\" decoding=\"async\" width=\"177\" height=\"28\" src=\"https:\/\/caem.com.tr\/wp-content\/uploads\/2022\/09\/cozum-ortaklarimiz-1.png\" class=\"attachment-full size-full\" alt=\"\" \/><\/a>\n                <\/div>\n            <\/dt>\n        <\/dl><dl class='col col-xl-3 col-lg-3 col-md-3 col-sm-12 col-12 box'>\n            <dt class='img'>\n                <div class='table-cell'>\n                    <a href='https:\/\/caem.com.tr\/wp-content\/uploads\/2024\/10\/cozum-ortaklarimiz.png'><img loading=\"lazy\" decoding=\"async\" width=\"189\" height=\"54\" src=\"https:\/\/caem.com.tr\/wp-content\/uploads\/2024\/10\/cozum-ortaklarimiz.png\" class=\"attachment-full size-full\" alt=\"\" \/><\/a>\n                <\/div>\n            <\/dt>\n        <\/dl><dl class='col col-xl-3 col-lg-3 col-md-3 col-sm-12 col-12 box'>\n            <dt class='img'>\n                <div class='table-cell'>\n                    <a href='https:\/\/caem.com.tr\/wp-content\/uploads\/2026\/02\/cozum-ortaklarimiz.png'><img loading=\"lazy\" decoding=\"async\" width=\"280\" height=\"108\" src=\"https:\/\/caem.com.tr\/wp-content\/uploads\/2026\/02\/cozum-ortaklarimiz.png\" class=\"attachment-full size-full\" alt=\"\" \/><\/a>\n                <\/div>\n            <\/dt>\n        <\/dl><div class=\"clearfix\"><\/div><dl class='col col-xl-3 col-lg-3 col-md-3 col-sm-12 col-12 box'>\n            <dt class='img'>\n                <div class='table-cell'>\n                    <a href='https:\/\/caem.com.tr\/wp-content\/uploads\/2024\/10\/cozum-ortaklarimiz-2.png'><img loading=\"lazy\" decoding=\"async\" width=\"140\" height=\"54\" src=\"https:\/\/caem.com.tr\/wp-content\/uploads\/2024\/10\/cozum-ortaklarimiz-2.png\" class=\"attachment-full size-full\" alt=\"\" \/><\/a>\n                <\/div>\n            <\/dt>\n        <\/dl><dl class='col col-xl-3 col-lg-3 col-md-3 col-sm-12 col-12 box'>\n            <dt class='img'>\n                <div class='table-cell'>\n                    <a href='https:\/\/caem.com.tr\/wp-content\/uploads\/2024\/10\/cozum-ortaklarimiz-3.png'><img loading=\"lazy\" decoding=\"async\" width=\"350\" height=\"54\" src=\"https:\/\/caem.com.tr\/wp-content\/uploads\/2024\/10\/cozum-ortaklarimiz-3.png\" class=\"attachment-full size-full\" alt=\"\" srcset=\"https:\/\/caem.com.tr\/wp-content\/uploads\/2024\/10\/cozum-ortaklarimiz-3.png 350w, https:\/\/caem.com.tr\/wp-content\/uploads\/2024\/10\/cozum-ortaklarimiz-3-300x46.png 300w\" sizes=\"auto, (max-width: 350px) 100vw, 350px\" \/><\/a>\n                <\/div>\n            <\/dt>\n        <\/dl>\n    <\/div>\n<\/div>\n\n","protected":false},"excerpt":{"rendered":"","protected":false},"author":1,"featured_media":0,"parent":0,"menu_order":0,"comment_status":"closed","ping_status":"closed","template":"","meta":{"inline_featured_image":false,"footnotes":""},"class_list":["post-137","page","type-page","status-publish","hentry"],"acf":{"sayfa_header_arkaplan_masaustu":{"ID":1309,"id":1309,"title":"cozum-ortaklarimiz.png","filename":"cozum-ortaklarimiz.webp","filesize":317056,"url":"https:\/\/caem.com.tr\/wp-content\/uploads\/2025\/07\/cozum-ortaklarimiz.webp","link":"https:\/\/caem.com.tr\/tr\/cozum-ortaklarimiz\/cozum-ortaklarimiz-png\/","alt":"","author":"1","description":"","caption":"","name":"cozum-ortaklarimiz-png","status":"inherit","uploaded_to":137,"date":"2025-07-18 07:47:03","modified":"2025-07-18 07:47:03","menu_order":0,"mime_type":"image\/webp","type":"image","subtype":"webp","icon":"https:\/\/caem.com.tr\/wp-includes\/images\/media\/default.png","width":1920,"height":370,"sizes":{"thumbnail":"https:\/\/caem.com.tr\/wp-content\/uploads\/2025\/07\/cozum-ortaklarimiz-150x150.webp","thumbnail-width":150,"thumbnail-height":150,"medium":"https:\/\/caem.com.tr\/wp-content\/uploads\/2025\/07\/cozum-ortaklarimiz-300x58.webp","medium-width":300,"medium-height":58,"medium_large":"https:\/\/caem.com.tr\/wp-content\/uploads\/2025\/07\/cozum-ortaklarimiz-768x148.webp","medium_large-width":768,"medium_large-height":148,"large":"https:\/\/caem.com.tr\/wp-content\/uploads\/2025\/07\/cozum-ortaklarimiz-1024x197.webp","large-width":1024,"large-height":197,"1536x1536":"https:\/\/caem.com.tr\/wp-content\/uploads\/2025\/07\/cozum-ortaklarimiz-1536x296.webp","1536x1536-width":1536,"1536x1536-height":296,"2048x2048":"https:\/\/caem.com.tr\/wp-content\/uploads\/2025\/07\/cozum-ortaklarimiz.webp","2048x2048-width":1920,"2048x2048-height":370,"post-thumbnail":"https:\/\/caem.com.tr\/wp-content\/uploads\/2025\/07\/cozum-ortaklarimiz-660x370.webp","post-thumbnail-width":660,"post-thumbnail-height":370,"category-img":"https:\/\/caem.com.tr\/wp-content\/uploads\/2025\/07\/cozum-ortaklarimiz-430x370.webp","category-img-width":430,"category-img-height":370,"category-img-mobil":"https:\/\/caem.com.tr\/wp-content\/uploads\/2025\/07\/cozum-ortaklarimiz-300x370.webp","category-img-mobil-width":300,"category-img-mobil-height":370,"news-img":"https:\/\/caem.com.tr\/wp-content\/uploads\/2025\/07\/cozum-ortaklarimiz-430x280.webp","news-img-width":430,"news-img-height":280}},"sayfa_header_arkaplan_mobil":{"ID":1311,"id":1311,"title":"cozum-ortaklarimiz-1-300x264 (1)","filename":"cozum-ortaklarimiz.png","filesize":108439,"url":"https:\/\/caem.com.tr\/wp-content\/uploads\/2025\/07\/cozum-ortaklarimiz.png","link":"https:\/\/caem.com.tr\/tr\/cozum-ortaklarimiz\/cozum-ortaklarimiz-1-300x264-1\/","alt":"","author":"1","description":"","caption":"","name":"cozum-ortaklarimiz-1-300x264-1","status":"inherit","uploaded_to":137,"date":"2025-07-18 07:47:19","modified":"2025-07-18 07:47:19","menu_order":0,"mime_type":"image\/png","type":"image","subtype":"png","icon":"https:\/\/caem.com.tr\/wp-includes\/images\/media\/default.png","width":300,"height":264,"sizes":{"thumbnail":"https:\/\/caem.com.tr\/wp-content\/uploads\/2025\/07\/cozum-ortaklarimiz-150x150.png","thumbnail-width":150,"thumbnail-height":150,"medium":"https:\/\/caem.com.tr\/wp-content\/uploads\/2025\/07\/cozum-ortaklarimiz.png","medium-width":300,"medium-height":264,"medium_large":"https:\/\/caem.com.tr\/wp-content\/uploads\/2025\/07\/cozum-ortaklarimiz.png","medium_large-width":300,"medium_large-height":264,"large":"https:\/\/caem.com.tr\/wp-content\/uploads\/2025\/07\/cozum-ortaklarimiz.png","large-width":300,"large-height":264,"1536x1536":"https:\/\/caem.com.tr\/wp-content\/uploads\/2025\/07\/cozum-ortaklarimiz.png","1536x1536-width":300,"1536x1536-height":264,"2048x2048":"https:\/\/caem.com.tr\/wp-content\/uploads\/2025\/07\/cozum-ortaklarimiz.png","2048x2048-width":300,"2048x2048-height":264,"post-thumbnail":"https:\/\/caem.com.tr\/wp-content\/uploads\/2025\/07\/cozum-ortaklarimiz.png","post-thumbnail-width":300,"post-thumbnail-height":264,"category-img":"https:\/\/caem.com.tr\/wp-content\/uploads\/2025\/07\/cozum-ortaklarimiz.png","category-img-width":300,"category-img-height":264,"category-img-mobil":"https:\/\/caem.com.tr\/wp-content\/uploads\/2025\/07\/cozum-ortaklarimiz.png","category-img-mobil-width":300,"category-img-mobil-height":264,"news-img":"https:\/\/caem.com.tr\/wp-content\/uploads\/2025\/07\/cozum-ortaklarimiz.png","news-img-width":300,"news-img-height":264}}},"_links":{"self":[{"href":"https:\/\/caem.com.tr\/tr\/wp-json\/wp\/v2\/pages\/137","targetHints":{"allow":["GET"]}}],"collection":[{"href":"https:\/\/caem.com.tr\/tr\/wp-json\/wp\/v2\/pages"}],"about":[{"href":"https:\/\/caem.com.tr\/tr\/wp-json\/wp\/v2\/types\/page"}],"author":[{"embeddable":true,"href":"https:\/\/caem.com.tr\/tr\/wp-json\/wp\/v2\/users\/1"}],"replies":[{"embeddable":true,"href":"https:\/\/caem.com.tr\/tr\/wp-json\/wp\/v2\/comments?post=137"}],"version-history":[{"count":22,"href":"https:\/\/caem.com.tr\/tr\/wp-json\/wp\/v2\/pages\/137\/revisions"}],"predecessor-version":[{"id":1543,"href":"https:\/\/caem.com.tr\/tr\/wp-json\/wp\/v2\/pages\/137\/revisions\/1543"}],"wp:attachment":[{"href":"https:\/\/caem.com.tr\/tr\/wp-json\/wp\/v2\/media?parent=137"}],"curies":[{"name":"wp","href":"https:\/\/api.w.org\/{rel}","templated":true}]}}