{"id":1394,"date":"2025-07-27T14:17:13","date_gmt":"2025-07-27T11:17:13","guid":{"rendered":"https:\/\/caem.com.tr\/?page_id=1394"},"modified":"2025-08-06T01:10:45","modified_gmt":"2025-08-05T22:10:45","slug":"tle-serisi-iec","status":"publish","type":"page","link":"https:\/\/caem.com.tr\/tr\/urunlerimiz\/abb\/ups-ve-guc-duzenleme\/tle-serisi-iec\/","title":{"rendered":"TLE Serisi IEC"},"content":{"rendered":"<div class=\"textContainer headline headline-cursor\">\n<p class=\"tile-headline\"><strong>ABB\u2019nin TLE Serisi UPS\u2019i ile kritik y\u00fck\u00fcn\u00fcz i\u00e7in temiz, g\u00fcvenilir g\u00fc\u00e7<\/strong><\/p>\n<\/div>\n<div class=\"colorBgWrapperInner\">\n<div class=\"sf_cols\">\n<div class=\"sf_colsOut sf_1col_1_100\">\n<div id=\"Content_T27669DDF003_Col00\" class=\"sf_colsIn sf_1col_1in_100\">\n<div class=\"lo_cols t\">\n<div class=\"lo_colsOut lo_2cols_1_67\">\n<div class=\"lo_colsIn lo_2cols_1in_67\">\n<div class=\"sf_cols\">\n<div class=\"sf_colsOut sf_1col_1_100\">\n<div id=\"Content_C003_Col00\" class=\"sf_colsIn sf_1col_1in_100 layout8\">\n<div>\n<div class=\"sfContentBlock sf-Long-text\">\n<p>TLE Serisi, bir\u00e7ok uygulamada kritik g\u00fc\u00e7 korumas\u0131 sa\u011flamak i\u00e7in en iyi performans\u0131 g\u00f6steren \u00fc\u00e7 fazl\u0131 UPS sistemlerinden biridir. UPS, VFI (gerilim frekans\u0131ndan ba\u011f\u0131ms\u0131z) modunda \u00e7al\u0131\u015f\u0131r ve \u00e7ok y\u00fcksek verimlilik seviyeleri elde etmek i\u00e7in \u00fc\u00e7 seviyeli d\u00f6n\u00fc\u015ft\u00fcr\u00fcc\u00fc teknolojisine sahip yenilik\u00e7i bir kontrol algoritmas\u0131 kullan\u0131r. Bu yenilik\u00e7i \u00fcr\u00fcn, hem \u00e7ift \u00e7evrim modunda hem de eBoost\u2122 i\u015fletim modunda s\u0131n\u0131f\u0131n\u0131n en iyisi verimlili\u011fi sa\u011flar.<\/p>\n<p>TLE Serisi UPS, end\u00fcstri lideri g\u00fcvenilirlik ve verimlili\u011fin yan\u0131 s\u0131ra \u00e7\u0131k\u0131\u015fta temiz g\u00fc\u00e7 ve birle\u015fik g\u00fc\u00e7 fakt\u00f6r\u00fc sa\u011flar. Birden \u00e7ok \u00fcniteyi paralel olarak \u00e7al\u0131\u015ft\u0131rmak i\u00e7in ABB&#8217;nin benzersiz RPA\u2122 (yedekli paralel mimari) teknolojisi kullan\u0131larak g\u00fcvenilirlik daha da art\u0131r\u0131labilir. T\u00fcm ABB UPS sistemleri ya\u015fam d\u00f6ng\u00fcleri boyunca e\u011fitim, uygulama uzmanl\u0131\u011f\u0131 ve 7\/24 \u00f6nleyici ve d\u00fczeltici hizmet sa\u011flayan ekipler taraf\u0131ndan tam olarak desteklenir.<\/p>\n<p><strong>\u00a0\u00d6nemli \u00f6zellikleri:<\/strong><\/p>\n<p>\u2022 eBoost, lityum bataryalar ve ak\u0131ll\u0131 enerji y\u00f6netimi\u2122 (IEM) \u00f6zellikli RPA, verimlili\u011fi daha da art\u0131r\u0131r<\/p>\n<p>\u2022 0.99 giri\u015f g\u00fc\u00e7 fakt\u00f6r\u00fc ve &lt; %3 THDi ile bir sin\u00fczoide ko\u015fulland\u0131r\u0131lm\u0131\u015f \u015febekeden giri\u015f<\/p>\n<p>\u2022 Y\u00fczde 96,6&#8217;ya varan \u00e7ift \u00e7evrim verimlili\u011fi<\/p>\n<p>\u2022 \u00c7\u0131k\u0131\u015f g\u00fcc\u00fc fakt\u00f6r\u00fc: 1<\/p>\n<p>\u2022 Ger\u00e7ek \u00f6nden eri\u015fimli tasar\u0131m<\/p>\n<p>\u2022 Kompakt kurulum alan\u0131<\/p>\n<p>\u2022 Sezgisel kullan\u0131c\u0131 aray\u00fcz\u00fc<\/p>\n<p>\u2022 Son derece d\u00fc\u015f\u00fck \u00e7\u0131k\u0131\u015f gerilimi bozulmas\u0131<\/p>\n<p>\u2022 \u00dcst\u00fcn batarya y\u00f6netimi<\/p>\n<\/div>\n<\/div>\n<\/div>\n<\/div>\n<\/div>\n<\/div>\n<\/div>\n<\/div>\n<\/div>\n<\/div>\n<\/div>\n<\/div>\n","protected":false},"excerpt":{"rendered":"<p>ABB\u2019nin TLE Serisi UPS\u2019i ile kritik y\u00fck\u00fcn\u00fcz i\u00e7in temiz, g\u00fcvenilir g\u00fc\u00e7 TLE Serisi, bir\u00e7ok uygulamada kritik g\u00fc\u00e7 korumas\u0131 sa\u011flamak i\u00e7in en iyi performans\u0131 g\u00f6steren \u00fc\u00e7 fazl\u0131 UPS sistemlerinden biridir. UPS, VFI (gerilim frekans\u0131ndan ba\u011f\u0131ms\u0131z) modunda \u00e7al\u0131\u015f\u0131r ve \u00e7ok y\u00fcksek verimlilik seviyeleri elde etmek i\u00e7in \u00fc\u00e7 seviyeli d\u00f6n\u00fc\u015ft\u00fcr\u00fcc\u00fc teknolojisine sahip yenilik\u00e7i bir kontrol algoritmas\u0131 kullan\u0131r. Bu [&hellip;]<\/p>\n","protected":false},"author":1,"featured_media":1395,"parent":1458,"menu_order":0,"comment_status":"closed","ping_status":"closed","template":"page-details.php","meta":{"inline_featured_image":false,"footnotes":""},"class_list":["post-1394","page","type-page","status-publish","has-post-thumbnail","hentry"],"acf":{"menu_gorseli":false,"sayfa_header_arkaplan_masaustu":false,"sayfa_header_arkaplan_mobil":false,"katalog_linki":false,"katalog_url":"","urun_ozellikleri_1_baslik":"","urun_ozellikleri_1_icerikler":false,"urun_ozellikleri_2_baslik":"","urun_ozellikleri_2_icerikler":false},"_links":{"self":[{"href":"https:\/\/caem.com.tr\/tr\/wp-json\/wp\/v2\/pages\/1394","targetHints":{"allow":["GET"]}}],"collection":[{"href":"https:\/\/caem.com.tr\/tr\/wp-json\/wp\/v2\/pages"}],"about":[{"href":"https:\/\/caem.com.tr\/tr\/wp-json\/wp\/v2\/types\/page"}],"author":[{"embeddable":true,"href":"https:\/\/caem.com.tr\/tr\/wp-json\/wp\/v2\/users\/1"}],"replies":[{"embeddable":true,"href":"https:\/\/caem.com.tr\/tr\/wp-json\/wp\/v2\/comments?post=1394"}],"version-history":[{"count":1,"href":"https:\/\/caem.com.tr\/tr\/wp-json\/wp\/v2\/pages\/1394\/revisions"}],"predecessor-version":[{"id":1397,"href":"https:\/\/caem.com.tr\/tr\/wp-json\/wp\/v2\/pages\/1394\/revisions\/1397"}],"up":[{"embeddable":true,"href":"https:\/\/caem.com.tr\/tr\/wp-json\/wp\/v2\/pages\/1458"}],"wp:featuredmedia":[{"embeddable":true,"href":"https:\/\/caem.com.tr\/tr\/wp-json\/wp\/v2\/media\/1395"}],"wp:attachment":[{"href":"https:\/\/caem.com.tr\/tr\/wp-json\/wp\/v2\/media?parent=1394"}],"curies":[{"name":"wp","href":"https:\/\/api.w.org\/{rel}","templated":true}]}}