{"id":1409,"date":"2025-07-27T14:33:30","date_gmt":"2025-07-27T11:33:30","guid":{"rendered":"https:\/\/caem.com.tr\/?page_id=1409"},"modified":"2025-08-03T13:44:39","modified_gmt":"2025-08-03T10:44:39","slug":"dpa-upscale-ri","status":"publish","type":"page","link":"https:\/\/caem.com.tr\/tr\/urunlerimiz\/abb\/ups-ve-guc-duzenleme\/dpa-upscale-ri\/","title":{"rendered":"DPA UPScale RI"},"content":{"rendered":"<p><strong>10 ila 80 kW aral\u0131\u011f\u0131ndaki enerji tasarruflu, raktan ba\u011f\u0131ms\u0131z mod\u00fcler UPS \u00f6zel \u00e7\u00f6z\u00fcmler i\u00e7in idealdir<\/strong><\/p>\n<p>Raktan ba\u011f\u0131ms\u0131z DPA UPScale RI (rack-independent), piyasadaki en \u00f6zelle\u015ftirilebilir UPS sistemlerinden biri olup farkl\u0131 g\u00fc\u00e7 koruma gereksinimlerini kar\u015f\u0131lamak i\u00e7in en iyi teknik ve ticari \u00e7\u00f6z\u00fcmleri sunar.\u00a0\u00dc\u00e7 fazl\u0131 ve mod\u00fcler UPS sistemi, rak\u0131n \u00fcreticisinden ba\u011f\u0131ms\u0131z olarak herhangi bir 19\u201d kabine entegre edilebilir.<\/p>\n","protected":false},"excerpt":{"rendered":"<p>10 ila 80 kW aral\u0131\u011f\u0131ndaki enerji tasarruflu, raktan ba\u011f\u0131ms\u0131z mod\u00fcler UPS \u00f6zel \u00e7\u00f6z\u00fcmler i\u00e7in idealdir Raktan ba\u011f\u0131ms\u0131z DPA UPScale RI (rack-independent), piyasadaki en \u00f6zelle\u015ftirilebilir UPS sistemlerinden biri olup farkl\u0131 g\u00fc\u00e7 koruma gereksinimlerini kar\u015f\u0131lamak i\u00e7in en iyi teknik ve ticari \u00e7\u00f6z\u00fcmleri sunar.\u00a0\u00dc\u00e7 fazl\u0131 ve mod\u00fcler UPS sistemi, rak\u0131n \u00fcreticisinden ba\u011f\u0131ms\u0131z olarak herhangi bir 19\u201d kabine entegre [&hellip;]<\/p>\n","protected":false},"author":1,"featured_media":1407,"parent":1458,"menu_order":0,"comment_status":"closed","ping_status":"closed","template":"page-details.php","meta":{"inline_featured_image":false,"footnotes":""},"class_list":["post-1409","page","type-page","status-publish","has-post-thumbnail","hentry"],"acf":{"menu_gorseli":false,"katalog_linki":false,"urun_ozellikleri_1_icerikler":false,"urun_ozellikleri_2_icerikler":false,"sayfa_header_arkaplan_masaustu":false,"sayfa_header_arkaplan_mobil":false,"katalog_url":"","urun_ozellikleri_1_baslik":"","urun_ozellikleri_2_baslik":""},"_links":{"self":[{"href":"https:\/\/caem.com.tr\/tr\/wp-json\/wp\/v2\/pages\/1409","targetHints":{"allow":["GET"]}}],"collection":[{"href":"https:\/\/caem.com.tr\/tr\/wp-json\/wp\/v2\/pages"}],"about":[{"href":"https:\/\/caem.com.tr\/tr\/wp-json\/wp\/v2\/types\/page"}],"author":[{"embeddable":true,"href":"https:\/\/caem.com.tr\/tr\/wp-json\/wp\/v2\/users\/1"}],"replies":[{"embeddable":true,"href":"https:\/\/caem.com.tr\/tr\/wp-json\/wp\/v2\/comments?post=1409"}],"version-history":[{"count":1,"href":"https:\/\/caem.com.tr\/tr\/wp-json\/wp\/v2\/pages\/1409\/revisions"}],"predecessor-version":[{"id":1410,"href":"https:\/\/caem.com.tr\/tr\/wp-json\/wp\/v2\/pages\/1409\/revisions\/1410"}],"up":[{"embeddable":true,"href":"https:\/\/caem.com.tr\/tr\/wp-json\/wp\/v2\/pages\/1458"}],"wp:featuredmedia":[{"embeddable":true,"href":"https:\/\/caem.com.tr\/tr\/wp-json\/wp\/v2\/media\/1407"}],"wp:attachment":[{"href":"https:\/\/caem.com.tr\/tr\/wp-json\/wp\/v2\/media?parent=1409"}],"curies":[{"name":"wp","href":"https:\/\/api.w.org\/{rel}","templated":true}]}}