{"id":1431,"date":"2025-07-27T15:28:04","date_gmt":"2025-07-27T12:28:04","guid":{"rendered":"https:\/\/caem.com.tr\/?page_id=1431"},"modified":"2025-07-27T15:28:34","modified_gmt":"2025-07-27T12:28:34","slug":"megaflex-ul-guc-korumasinda-en-iyisi","status":"publish","type":"page","link":"https:\/\/caem.com.tr\/tr\/urunlerimiz\/abb\/ups-ve-guc-duzenleme\/megaflex-ul-guc-korumasinda-en-iyisi\/","title":{"rendered":"MegaFlex UL &#8211; G\u00fc\u00e7 korumas\u0131nda en iyisi"},"content":{"rendered":"<p>MegaFlex UL kesintisiz g\u00fc\u00e7 kayna\u011f\u0131 (UPS), b\u00fcy\u00fck i\u015fletmeler, ortak yerle\u015fim, bar\u0131nd\u0131rma bulutu ve telekom\u00fcnikasyon veri merkezleri gibi kritik y\u00fcksek yo\u011funluklu bilgi i\u015flem ortamlar\u0131 i\u00e7in tasarlanm\u0131\u015ft\u0131r.<\/p>\n<p>MegaFlex UL UPS, b\u00fcy\u00fck altyap\u0131lar i\u00e7in en iyi ve en g\u00fcvenilir g\u00fc\u00e7 korumas\u0131n\u0131 sa\u011flayan pazardaki en son teknolojik yenili\u011fi temsil eder. UPS, \u00fc\u00e7 fazl\u0131, 480V \u00e7ift d\u00f6n\u00fc\u015f\u00fcml\u00fc kesintisiz g\u00fc\u00e7 kayna\u011f\u0131d\u0131r. Topolojisi, tek bir UPS kabini konfig\u00fcrasyonunda 1.200 ila 1.600 kW g\u00fc\u00e7 kullan\u0131labilirli\u011fine sahip 400 kW g\u00fc\u00e7 mod\u00fcllerini kullanan monolitiktir. MegaFlex UL esnek sistem mimarisine haz\u0131rd\u0131r ve N + 1, 2N, 2N + 1, N + N, 3N \/ 2 ve catcher sistem konfig\u00fcrasyonlar\u0131n\u0131 destekler.<\/p>\n<p>ABB MegaFlex UL UPS, ABB\u2019nin yedekli paralel mimarisine (RPA\u2122) dayan\u0131r ve UPS&#8217;in paralel bir d\u00fczenlemede \u00e7al\u0131\u015fmas\u0131na izin verir ve ger\u00e7ek yedekli herhangi bir ar\u0131za noktas\u0131n\u0131 ortadan kald\u0131r\u0131r. RPA, i\u015fletim ayak izini azalt\u0131r ve sistem g\u00fcvenilirli\u011fini art\u0131ran \u00f6l\u00e7eklenebilir bir paralelleme yakla\u015f\u0131m\u0131 sa\u011flar. Ayr\u0131ca harici paralel ba\u011flama ekipman\u0131 veya merkezi baypas ve ana kontrol ihtiyac\u0131n\u0131 da ortadan kald\u0131r\u0131r.<\/p>\n","protected":false},"excerpt":{"rendered":"<p>MegaFlex UL kesintisiz g\u00fc\u00e7 kayna\u011f\u0131 (UPS), b\u00fcy\u00fck i\u015fletmeler, ortak yerle\u015fim, bar\u0131nd\u0131rma bulutu ve telekom\u00fcnikasyon veri merkezleri gibi kritik y\u00fcksek yo\u011funluklu bilgi i\u015flem ortamlar\u0131 i\u00e7in tasarlanm\u0131\u015ft\u0131r. MegaFlex UL UPS, b\u00fcy\u00fck altyap\u0131lar i\u00e7in en iyi ve en g\u00fcvenilir g\u00fc\u00e7 korumas\u0131n\u0131 sa\u011flayan pazardaki en son teknolojik yenili\u011fi temsil eder. UPS, \u00fc\u00e7 fazl\u0131, 480V \u00e7ift d\u00f6n\u00fc\u015f\u00fcml\u00fc kesintisiz g\u00fc\u00e7 kayna\u011f\u0131d\u0131r. [&hellip;]<\/p>\n","protected":false},"author":1,"featured_media":1429,"parent":1458,"menu_order":0,"comment_status":"closed","ping_status":"closed","template":"page-details.php","meta":{"inline_featured_image":false,"footnotes":""},"class_list":["post-1431","page","type-page","status-publish","has-post-thumbnail","hentry"],"acf":{"menu_gorseli":false,"katalog_linki":false,"urun_ozellikleri_1_icerikler":false,"urun_ozellikleri_2_icerikler":false,"sayfa_header_arkaplan_masaustu":false,"sayfa_header_arkaplan_mobil":false},"_links":{"self":[{"href":"https:\/\/caem.com.tr\/tr\/wp-json\/wp\/v2\/pages\/1431","targetHints":{"allow":["GET"]}}],"collection":[{"href":"https:\/\/caem.com.tr\/tr\/wp-json\/wp\/v2\/pages"}],"about":[{"href":"https:\/\/caem.com.tr\/tr\/wp-json\/wp\/v2\/types\/page"}],"author":[{"embeddable":true,"href":"https:\/\/caem.com.tr\/tr\/wp-json\/wp\/v2\/users\/1"}],"replies":[{"embeddable":true,"href":"https:\/\/caem.com.tr\/tr\/wp-json\/wp\/v2\/comments?post=1431"}],"version-history":[{"count":1,"href":"https:\/\/caem.com.tr\/tr\/wp-json\/wp\/v2\/pages\/1431\/revisions"}],"predecessor-version":[{"id":1432,"href":"https:\/\/caem.com.tr\/tr\/wp-json\/wp\/v2\/pages\/1431\/revisions\/1432"}],"up":[{"embeddable":true,"href":"https:\/\/caem.com.tr\/tr\/wp-json\/wp\/v2\/pages\/1458"}],"wp:featuredmedia":[{"embeddable":true,"href":"https:\/\/caem.com.tr\/tr\/wp-json\/wp\/v2\/media\/1429"}],"wp:attachment":[{"href":"https:\/\/caem.com.tr\/tr\/wp-json\/wp\/v2\/media?parent=1431"}],"curies":[{"name":"wp","href":"https:\/\/api.w.org\/{rel}","templated":true}]}}