{"id":1433,"date":"2025-07-27T15:37:55","date_gmt":"2025-07-27T12:37:55","guid":{"rendered":"https:\/\/caem.com.tr\/?page_id=1433"},"modified":"2025-08-06T01:10:57","modified_gmt":"2025-08-05T22:10:57","slug":"pcs120-mv-ups","status":"publish","type":"page","link":"https:\/\/caem.com.tr\/tr\/urunlerimiz\/abb\/ups-ve-guc-duzenleme\/pcs120-mv-ups\/","title":{"rendered":"PCS120 MV UPS"},"content":{"rendered":"<p><strong>\u00c7ok megawattl\u0131 g\u00fc\u00e7 korumas\u0131 i\u00e7in tasarlanan yeni nesil orta gerilim UPS.\u00a0Devrim niteli\u011findeki ZISC mimarisine dayanan PCS120 MV UPS, kritik g\u00fc\u00e7 tesislerinde daha y\u00fcksek g\u00fcvenilirlik ve daha y\u00fcksek verimlilik i\u00e7in esnek bir \u00e7\u00f6z\u00fcm sunar.<\/strong><\/p>\n<p>&nbsp;<\/p>\n<p class=\"header3\"><strong>Orta Gerilim<\/strong><\/p>\n<p>Al\u00e7ak gerilimden (AG) orta gerilim (OG) seviyesine ge\u00e7i\u015f, b\u00fcy\u00fck kritik g\u00fc\u00e7 tesislerinde g\u00fc\u00e7 korumas\u0131 i\u00e7in do\u011fal bir ilerlemedir.\u00a0Yakla\u015f\u0131m, iki ana avantaj sunar.\u00a0G\u00fcvenilirli\u011fi artt\u0131r\u0131r ve kritik enerji tesisi kurulmas\u0131 ve i\u015fletilmesine y\u00f6nelik maliyetleri azalt\u0131r.<\/p>\n<p>Daha b\u00fcy\u00fck korumal\u0131 y\u00fck bloklar\u0131na sahip OG tasar\u0131m yakla\u015f\u0131m\u0131, daha d\u00fc\u015f\u00fck pano say\u0131s\u0131 ve orta gerilim sistemlerinin \u00e7al\u0131\u015fma k\u00fclt\u00fcr\u00fc sayesinde daha fazla g\u00fcvenilirlik elde edilir.<\/p>\n<p>G\u00fc\u00e7 korumas\u0131n\u0131 OG seviyesinde kurmak, bu gerilimdeki d\u00fc\u015f\u00fck ak\u0131mlar daha k\u00fc\u00e7\u00fck kablolar ve d\u00fc\u015f\u00fck kay\u0131plarla sonu\u00e7land\u0131\u011f\u0131ndan enerji a\u00e7\u0131s\u0131ndan en verimli yap\u0131land\u0131rmay\u0131 sa\u011flar.<\/p>\n<p class=\"header3\"><strong>Empedans (Z) \u0130zole Statik D\u00f6n\u00fc\u015ft\u00fcr\u00fcc\u00fc ZISC<\/strong><\/p>\n<p>ABB ZISC, devrim niteli\u011findeki y\u00fcksek performansl\u0131, y\u00fcksek verimli g\u00fc\u00e7 d\u00fczenleme ve kesintisiz g\u00fc\u00e7 kayna\u011f\u0131 mimarisidir.\u00a0\u00c7ok \u00e7e\u015fitli \u015febeke gerilimi olaylar\u0131na kar\u015f\u0131 koruma sa\u011flar ve s\u00fcrekli temiz g\u00fc\u00e7 besler.<\/p>\n<p>ZISC mimarisi, y\u00fcksek performansl\u0131 ABB g\u00fc\u00e7 d\u00f6n\u00fc\u015ft\u00fcr\u00fcc\u00fcleriyle birle\u015ftirilmi\u015f bir izolasyon hatt\u0131 reakt\u00f6r\u00fcne dayanmaktad\u0131r.\u00a0Geli\u015fmi\u015f kontrolle desteklenen bu basit yakla\u015f\u0131m, s\u0131n\u0131f lideri verimlilikle benzersiz g\u00fcvenilirlik ve performans sa\u011flar.<\/p>\n<p>\u0130zolasyon hat reakt\u00f6r\u00fc arac\u0131l\u0131\u011f\u0131yla elektrik \u015febekesinden ayr\u0131lan g\u00fc\u00e7 d\u00f6n\u00fc\u015ft\u00fcr\u00fcc\u00fcler, enerji depolar\u0131na devir yapt\u0131rmadan, harmonik ve gerilim dengesizli\u011fi da\u011f\u0131t\u0131m \u015febekesi sorunlar\u0131n\u0131 s\u00fcrekli olarak d\u00fczenler ve filtreler.\u00a0Y\u00fck y\u00f6n\u00fcndeki ar\u0131zalar ve di\u011fer dinamik reaktif ak\u0131m talepleri gibi y\u00fck ile ilgili olaylar, ZISC&#8217;nin y\u00fcksek a\u015f\u0131r\u0131 y\u00fck kapasitesi ile y\u00f6netilir.<\/p>\n<p>\u0130zolasyon hat reakt\u00f6r\u00fc ve kuplaj trafosu orta gerilimde uygulan\u0131r; buna kar\u015f\u0131n g\u00fc\u00e7 d\u00f6n\u00fc\u015ft\u00fcr\u00fcc\u00fcler ve enerji depolamas\u0131 al\u00e7ak gerilimdedir ve b\u00f6ylece bak\u0131m\u0131 kolayla\u015ft\u0131r\u0131r.<\/p>\n<p>ABB ZISC, \u00e7ok \u00e7e\u015fitli modern enerji depolar\u0131 ile birlikte birka\u00e7 saniye ile birka\u00e7 dakika aras\u0131nda otonomi sunar.<\/p>\n","protected":false},"excerpt":{"rendered":"<p>\u00c7ok megawattl\u0131 g\u00fc\u00e7 korumas\u0131 i\u00e7in tasarlanan yeni nesil orta gerilim UPS.\u00a0Devrim niteli\u011findeki ZISC mimarisine dayanan PCS120 MV UPS, kritik g\u00fc\u00e7 tesislerinde daha y\u00fcksek g\u00fcvenilirlik ve daha y\u00fcksek verimlilik i\u00e7in esnek bir \u00e7\u00f6z\u00fcm sunar. &nbsp; Orta Gerilim Al\u00e7ak gerilimden (AG) orta gerilim (OG) seviyesine ge\u00e7i\u015f, b\u00fcy\u00fck kritik g\u00fc\u00e7 tesislerinde g\u00fc\u00e7 korumas\u0131 i\u00e7in do\u011fal bir ilerlemedir.\u00a0Yakla\u015f\u0131m, iki [&hellip;]<\/p>\n","protected":false},"author":1,"featured_media":1434,"parent":1458,"menu_order":0,"comment_status":"closed","ping_status":"closed","template":"page-details.php","meta":{"inline_featured_image":false,"footnotes":""},"class_list":["post-1433","page","type-page","status-publish","has-post-thumbnail","hentry"],"acf":{"menu_gorseli":false,"sayfa_header_arkaplan_masaustu":false,"sayfa_header_arkaplan_mobil":false,"katalog_linki":false,"katalog_url":"","urun_ozellikleri_1_baslik":"","urun_ozellikleri_1_icerikler":false,"urun_ozellikleri_2_baslik":"","urun_ozellikleri_2_icerikler":false},"_links":{"self":[{"href":"https:\/\/caem.com.tr\/tr\/wp-json\/wp\/v2\/pages\/1433","targetHints":{"allow":["GET"]}}],"collection":[{"href":"https:\/\/caem.com.tr\/tr\/wp-json\/wp\/v2\/pages"}],"about":[{"href":"https:\/\/caem.com.tr\/tr\/wp-json\/wp\/v2\/types\/page"}],"author":[{"embeddable":true,"href":"https:\/\/caem.com.tr\/tr\/wp-json\/wp\/v2\/users\/1"}],"replies":[{"embeddable":true,"href":"https:\/\/caem.com.tr\/tr\/wp-json\/wp\/v2\/comments?post=1433"}],"version-history":[{"count":1,"href":"https:\/\/caem.com.tr\/tr\/wp-json\/wp\/v2\/pages\/1433\/revisions"}],"predecessor-version":[{"id":1436,"href":"https:\/\/caem.com.tr\/tr\/wp-json\/wp\/v2\/pages\/1433\/revisions\/1436"}],"up":[{"embeddable":true,"href":"https:\/\/caem.com.tr\/tr\/wp-json\/wp\/v2\/pages\/1458"}],"wp:featuredmedia":[{"embeddable":true,"href":"https:\/\/caem.com.tr\/tr\/wp-json\/wp\/v2\/media\/1434"}],"wp:attachment":[{"href":"https:\/\/caem.com.tr\/tr\/wp-json\/wp\/v2\/media?parent=1433"}],"curies":[{"name":"wp","href":"https:\/\/api.w.org\/{rel}","templated":true}]}}