{"id":1437,"date":"2025-07-27T15:42:58","date_gmt":"2025-07-27T12:42:58","guid":{"rendered":"https:\/\/caem.com.tr\/?page_id=1437"},"modified":"2025-08-06T01:04:57","modified_gmt":"2025-08-05T22:04:57","slug":"pcs100-ups-i","status":"publish","type":"page","link":"https:\/\/caem.com.tr\/tr\/urunlerimiz\/abb\/ups-ve-guc-duzenleme\/pcs100-ups-i\/","title":{"rendered":"PCS100 UPS-I"},"content":{"rendered":"<p><strong>ABB\u2019nin ticari ve end\u00fcstriyel uygulamalar i\u00e7in tasarlanan end\u00fcstriyel UPS\u2019i PCS100, 150 kVA&#8217;den 3 MVA&#8217;e kadar g\u00fc\u00e7 de\u011ferlerine sahiptir..<\/strong><\/p>\n<p>&nbsp;<\/p>\n<p class=\"header3\"><strong>End\u00fcstri i\u00e7in tasarland\u0131<\/strong><\/p>\n<p>ABB PCS100 UPS-I, g\u00fc\u00e7 kalitesi olaylar\u0131na kar\u015f\u0131 koruma sa\u011flayan ve modern end\u00fcstriyel i\u015flemlere s\u00fcrekli g\u00fc\u00e7 kayna\u011f\u0131 sunan y\u00fcksek performansl\u0131, y\u00fcksek verimli bir UPS sistemidir.\u00a0End\u00fcstriyel uygulamalar (i\u015fleme, makine, robotik, s\u00fcr\u00fcc\u00fc ve motorlar) i\u00e7in tasarlanan ABB&#8217;nin end\u00fcstriyel UPS\u2019i PCS100, duru\u015flar\u0131 \u00f6nleyen kesintisiz bir g\u00fc\u00e7 kayna\u011f\u0131 sa\u011flar.<\/p>\n<p class=\"header3\"><strong>G\u00fc\u00e7 kalitesi olaylar\u0131ndan korunma<\/strong><\/p>\n<p>Gerilim \u00e7\u00f6kmeleri, y\u00fckselmeleri ve k\u0131sa kesintiler, genellikle elektrikli ve elektronik cihazlar\u0131n ar\u0131zalanmas\u0131na neden olan yayg\u0131n olaylard\u0131r.\u00a0Bu t\u00fcr olaylar kritik kontrol i\u015flemlerinde meydana geldi\u011finde, tesisin tamamen kapanmas\u0131na neden olabilirler.\u00a0PCS100 UPS-I bu sorunlar\u0131 \u00e7\u00f6zmek i\u00e7in tasarlanm\u0131\u015ft\u0131r.\u00a0Sa\u011flam, tek \u00e7evrimli bir UPS olup, ultra kapasit\u00f6r veya batarya enerji depolamas\u0131 kullanarak hassas y\u00fckleri gerilim \u00e7\u00f6kmeleri, gerilim darbeleri ve kesintilere kar\u015f\u0131 korumak i\u00e7in kullan\u0131l\u0131r.\u00a0Alternatif \u00e7\u00f6z\u00fcmlerden daha d\u00fc\u015f\u00fck toplam sahip olma maliyeti, PCS100 UPS-I&#8217;i y\u00fcksek performansl\u0131, verimli bir UPS sistemi haline getirir.<\/p>\n<p class=\"header3\"><strong>Y\u00fcksek kullan\u0131labilirli\u011fe sahip sa\u011flam tasar\u0131m<\/strong><\/p>\n<p>Zorlu elektrik ortamlar\u0131 genellikle modern end\u00fcstrilerde bulunur.\u00a0Mod\u00fcler inverter yap\u0131s\u0131 ve ar\u0131zaya kar\u015f\u0131 emniyetli elektro-mekanik bypass, PCS100 UPS-I&#8217;\u0131n en y\u00fcksek sistem kullan\u0131labilirli\u011fini sunmas\u0131n\u0131 sa\u011flar.\u00a0K\u00fc\u00e7\u00fck boyutlar ve servis kolayl\u0131\u011f\u0131 ile birlikte, bu d\u00fc\u015f\u00fck bak\u0131m gerektiren, y\u00fcksek verimli end\u00fcstriyel UPS, t\u00fcm g\u00fc\u00e7 koruma uygulamalar\u0131 i\u00e7in ideal \u00e7\u00f6z\u00fcmd\u00fcr.<\/p>\n","protected":false},"excerpt":{"rendered":"<p>ABB\u2019nin ticari ve end\u00fcstriyel uygulamalar i\u00e7in tasarlanan end\u00fcstriyel UPS\u2019i PCS100, 150 kVA&#8217;den 3 MVA&#8217;e kadar g\u00fc\u00e7 de\u011ferlerine sahiptir.. &nbsp; End\u00fcstri i\u00e7in tasarland\u0131 ABB PCS100 UPS-I, g\u00fc\u00e7 kalitesi olaylar\u0131na kar\u015f\u0131 koruma sa\u011flayan ve modern end\u00fcstriyel i\u015flemlere s\u00fcrekli g\u00fc\u00e7 kayna\u011f\u0131 sunan y\u00fcksek performansl\u0131, y\u00fcksek verimli bir UPS sistemidir.\u00a0End\u00fcstriyel uygulamalar (i\u015fleme, makine, robotik, s\u00fcr\u00fcc\u00fc ve motorlar) i\u00e7in tasarlanan [&hellip;]<\/p>\n","protected":false},"author":1,"featured_media":1438,"parent":1458,"menu_order":0,"comment_status":"closed","ping_status":"closed","template":"page-details.php","meta":{"inline_featured_image":false,"footnotes":""},"class_list":["post-1437","page","type-page","status-publish","has-post-thumbnail","hentry"],"acf":{"menu_gorseli":false,"sayfa_header_arkaplan_masaustu":false,"sayfa_header_arkaplan_mobil":false,"katalog_linki":false,"katalog_url":"","urun_ozellikleri_1_baslik":"","urun_ozellikleri_1_icerikler":false,"urun_ozellikleri_2_baslik":"","urun_ozellikleri_2_icerikler":false},"_links":{"self":[{"href":"https:\/\/caem.com.tr\/tr\/wp-json\/wp\/v2\/pages\/1437","targetHints":{"allow":["GET"]}}],"collection":[{"href":"https:\/\/caem.com.tr\/tr\/wp-json\/wp\/v2\/pages"}],"about":[{"href":"https:\/\/caem.com.tr\/tr\/wp-json\/wp\/v2\/types\/page"}],"author":[{"embeddable":true,"href":"https:\/\/caem.com.tr\/tr\/wp-json\/wp\/v2\/users\/1"}],"replies":[{"embeddable":true,"href":"https:\/\/caem.com.tr\/tr\/wp-json\/wp\/v2\/comments?post=1437"}],"version-history":[{"count":1,"href":"https:\/\/caem.com.tr\/tr\/wp-json\/wp\/v2\/pages\/1437\/revisions"}],"predecessor-version":[{"id":1440,"href":"https:\/\/caem.com.tr\/tr\/wp-json\/wp\/v2\/pages\/1437\/revisions\/1440"}],"up":[{"embeddable":true,"href":"https:\/\/caem.com.tr\/tr\/wp-json\/wp\/v2\/pages\/1458"}],"wp:featuredmedia":[{"embeddable":true,"href":"https:\/\/caem.com.tr\/tr\/wp-json\/wp\/v2\/media\/1438"}],"wp:attachment":[{"href":"https:\/\/caem.com.tr\/tr\/wp-json\/wp\/v2\/media?parent=1437"}],"curies":[{"name":"wp","href":"https:\/\/api.w.org\/{rel}","templated":true}]}}