{"id":1458,"date":"2025-08-03T13:27:49","date_gmt":"2025-08-03T10:27:49","guid":{"rendered":"https:\/\/caem.com.tr\/?page_id=1458"},"modified":"2025-08-06T00:44:36","modified_gmt":"2025-08-05T21:44:36","slug":"ups-ve-guc-duzenleme","status":"publish","type":"page","link":"https:\/\/caem.com.tr\/tr\/urunlerimiz\/abb\/ups-ve-guc-duzenleme\/","title":{"rendered":"UPS ve G\u00fc\u00e7 D\u00fczenleme"},"content":{"rendered":"","protected":false},"excerpt":{"rendered":"","protected":false},"author":1,"featured_media":1459,"parent":15,"menu_order":0,"comment_status":"closed","ping_status":"closed","template":"page-subcategory.php","meta":{"inline_featured_image":false,"footnotes":""},"class_list":["post-1458","page","type-page","status-publish","has-post-thumbnail","hentry"],"acf":{"sayfa_header_arkaplan_masaustu":{"ID":63,"id":63,"title":"page-head-img","filename":"urun-kategori.png","filesize":319071,"url":"https:\/\/caem.com.tr\/wp-content\/uploads\/2022\/09\/urun-kategori.png","link":"https:\/\/caem.com.tr\/tr\/urunlerimiz\/page-head-img\/","alt":"","author":"1","description":"","caption":"","name":"page-head-img","status":"inherit","uploaded_to":14,"date":"2022-09-06 16:26:26","modified":"2022-09-06 16:26:26","menu_order":0,"mime_type":"image\/png","type":"image","subtype":"png","icon":"https:\/\/caem.com.tr\/wp-includes\/images\/media\/default.png","width":1920,"height":370,"sizes":{"thumbnail":"https:\/\/caem.com.tr\/wp-content\/uploads\/2022\/09\/urun-kategori-150x150.png","thumbnail-width":150,"thumbnail-height":150,"medium":"https:\/\/caem.com.tr\/wp-content\/uploads\/2022\/09\/urun-kategori-300x58.png","medium-width":300,"medium-height":58,"medium_large":"https:\/\/caem.com.tr\/wp-content\/uploads\/2022\/09\/urun-kategori-768x148.png","medium_large-width":768,"medium_large-height":148,"large":"https:\/\/caem.com.tr\/wp-content\/uploads\/2022\/09\/urun-kategori-1024x197.png","large-width":1024,"large-height":197,"1536x1536":"https:\/\/caem.com.tr\/wp-content\/uploads\/2022\/09\/urun-kategori-1536x296.png","1536x1536-width":1536,"1536x1536-height":296,"2048x2048":"https:\/\/caem.com.tr\/wp-content\/uploads\/2022\/09\/urun-kategori.png","2048x2048-width":1920,"2048x2048-height":370,"post-thumbnail":"https:\/\/caem.com.tr\/wp-content\/uploads\/2022\/09\/urun-kategori-660x370.png","post-thumbnail-width":660,"post-thumbnail-height":370,"category-img":"https:\/\/caem.com.tr\/wp-content\/uploads\/2022\/09\/urun-kategori-430x370.png","category-img-width":430,"category-img-height":370,"category-img-mobil":"https:\/\/caem.com.tr\/wp-content\/uploads\/2022\/09\/urun-kategori-300x370.png","category-img-mobil-width":300,"category-img-mobil-height":370,"news-img":"https:\/\/caem.com.tr\/wp-content\/uploads\/2022\/09\/urun-kategori.png","news-img-width":430,"news-img-height":83}},"sayfa_header_arkaplan_mobil":{"ID":64,"id":64,"title":"page-head-img-mobile","filename":"urun-kategori-1.png","filesize":61164,"url":"https:\/\/caem.com.tr\/wp-content\/uploads\/2022\/09\/urun-kategori-1.png","link":"https:\/\/caem.com.tr\/tr\/urunlerimiz\/page-head-img-mobile\/","alt":"","author":"1","description":"","caption":"","name":"page-head-img-mobile","status":"inherit","uploaded_to":14,"date":"2022-09-06 16:26:42","modified":"2022-09-06 16:26:42","menu_order":0,"mime_type":"image\/png","type":"image","subtype":"png","icon":"https:\/\/caem.com.tr\/wp-includes\/images\/media\/default.png","width":375,"height":329,"sizes":{"thumbnail":"https:\/\/caem.com.tr\/wp-content\/uploads\/2022\/09\/urun-kategori-1-150x150.png","thumbnail-width":150,"thumbnail-height":150,"medium":"https:\/\/caem.com.tr\/wp-content\/uploads\/2022\/09\/urun-kategori-1-300x263.png","medium-width":300,"medium-height":263,"medium_large":"https:\/\/caem.com.tr\/wp-content\/uploads\/2022\/09\/urun-kategori-1.png","medium_large-width":375,"medium_large-height":329,"large":"https:\/\/caem.com.tr\/wp-content\/uploads\/2022\/09\/urun-kategori-1.png","large-width":375,"large-height":329,"1536x1536":"https:\/\/caem.com.tr\/wp-content\/uploads\/2022\/09\/urun-kategori-1.png","1536x1536-width":375,"1536x1536-height":329,"2048x2048":"https:\/\/caem.com.tr\/wp-content\/uploads\/2022\/09\/urun-kategori-1.png","2048x2048-width":375,"2048x2048-height":329,"post-thumbnail":"https:\/\/caem.com.tr\/wp-content\/uploads\/2022\/09\/urun-kategori-1.png","post-thumbnail-width":375,"post-thumbnail-height":329,"category-img":"https:\/\/caem.com.tr\/wp-content\/uploads\/2022\/09\/urun-kategori-1.png","category-img-width":375,"category-img-height":329,"category-img-mobil":"https:\/\/caem.com.tr\/wp-content\/uploads\/2022\/09\/urun-kategori-1-300x329.png","category-img-mobil-width":300,"category-img-mobil-height":329,"news-img":"https:\/\/caem.com.tr\/wp-content\/uploads\/2022\/09\/urun-kategori-1.png","news-img-width":319,"news-img-height":280}},"menu_gorseli":{"ID":666,"id":666,"title":"ABB Datacenter-Large","filename":"abb-3.jpg","filesize":50413,"url":"https:\/\/caem.com.tr\/wp-content\/uploads\/2023\/06\/abb-3.jpg","link":"https:\/\/caem.com.tr\/tr\/urunlerimiz\/abb\/abb-datacenter-large\/","alt":"","author":"1","description":"","caption":"","name":"abb-datacenter-large","status":"inherit","uploaded_to":15,"date":"2023-06-23 14:16:01","modified":"2023-06-23 14:16:01","menu_order":0,"mime_type":"image\/jpeg","type":"image","subtype":"jpeg","icon":"https:\/\/caem.com.tr\/wp-includes\/images\/media\/default.png","width":622,"height":192,"sizes":{"thumbnail":"https:\/\/caem.com.tr\/wp-content\/uploads\/2023\/06\/abb-3-150x150.jpg","thumbnail-width":150,"thumbnail-height":150,"medium":"https:\/\/caem.com.tr\/wp-content\/uploads\/2023\/06\/abb-3-300x93.jpg","medium-width":300,"medium-height":93,"medium_large":"https:\/\/caem.com.tr\/wp-content\/uploads\/2023\/06\/abb-3.jpg","medium_large-width":622,"medium_large-height":192,"large":"https:\/\/caem.com.tr\/wp-content\/uploads\/2023\/06\/abb-3.jpg","large-width":622,"large-height":192,"1536x1536":"https:\/\/caem.com.tr\/wp-content\/uploads\/2023\/06\/abb-3.jpg","1536x1536-width":622,"1536x1536-height":192,"2048x2048":"https:\/\/caem.com.tr\/wp-content\/uploads\/2023\/06\/abb-3.jpg","2048x2048-width":622,"2048x2048-height":192,"post-thumbnail":"https:\/\/caem.com.tr\/wp-content\/uploads\/2023\/06\/abb-3.jpg","post-thumbnail-width":622,"post-thumbnail-height":192,"category-img":"https:\/\/caem.com.tr\/wp-content\/uploads\/2023\/06\/abb-3-430x192.jpg","category-img-width":430,"category-img-height":192,"category-img-mobil":"https:\/\/caem.com.tr\/wp-content\/uploads\/2023\/06\/abb-3-300x192.jpg","category-img-mobil-width":300,"category-img-mobil-height":192,"news-img":"https:\/\/caem.com.tr\/wp-content\/uploads\/2023\/06\/abb-3-430x192.jpg","news-img-width":430,"news-img-height":192}}},"_links":{"self":[{"href":"https:\/\/caem.com.tr\/tr\/wp-json\/wp\/v2\/pages\/1458","targetHints":{"allow":["GET"]}}],"collection":[{"href":"https:\/\/caem.com.tr\/tr\/wp-json\/wp\/v2\/pages"}],"about":[{"href":"https:\/\/caem.com.tr\/tr\/wp-json\/wp\/v2\/types\/page"}],"author":[{"embeddable":true,"href":"https:\/\/caem.com.tr\/tr\/wp-json\/wp\/v2\/users\/1"}],"replies":[{"embeddable":true,"href":"https:\/\/caem.com.tr\/tr\/wp-json\/wp\/v2\/comments?post=1458"}],"version-history":[{"count":4,"href":"https:\/\/caem.com.tr\/tr\/wp-json\/wp\/v2\/pages\/1458\/revisions"}],"predecessor-version":[{"id":1472,"href":"https:\/\/caem.com.tr\/tr\/wp-json\/wp\/v2\/pages\/1458\/revisions\/1472"}],"up":[{"embeddable":true,"href":"https:\/\/caem.com.tr\/tr\/wp-json\/wp\/v2\/pages\/15"}],"wp:featuredmedia":[{"embeddable":true,"href":"https:\/\/caem.com.tr\/tr\/wp-json\/wp\/v2\/media\/1459"}],"wp:attachment":[{"href":"https:\/\/caem.com.tr\/tr\/wp-json\/wp\/v2\/media?parent=1458"}],"curies":[{"name":"wp","href":"https:\/\/api.w.org\/{rel}","templated":true}]}}