{"id":184,"date":"2022-10-08T16:06:22","date_gmt":"2022-10-08T13:06:22","guid":{"rendered":"https:\/\/caem.com.tr\/?page_id=184"},"modified":"2025-08-06T00:54:43","modified_gmt":"2025-08-05T21:54:43","slug":"zenith-zbts-t-series-ats","status":"publish","type":"page","link":"https:\/\/caem.com.tr\/tr\/urunlerimiz\/abb\/otomatik-transfer-salterleri\/zenith-zbts-t-series-ats\/","title":{"rendered":"Zenith ZBTS-T Series ATS"},"content":{"rendered":"<p>TruONE\u2122 teknolojisi ile g\u00fc\u00e7lendirilen Zenith ZBTS T-serisi otomatik transfer \u015falterleri,kablo ve ba\u011flant\u0131 say\u0131s\u0131n\u0131 azaltan tek bir kesintisiz, ba\u011f\u0131ms\u0131z \u00fcnitede bir \u015falter ve denetleyici i\u00e7erir. Bu tasar\u0131m kasada yer tasarrufu sa\u011flar ve olas\u0131 ba\u011flant\u0131 ar\u0131zalar\u0131n\u0131 en aza indirir. Buna ek olarak tasar\u0131m, aksama s\u00fcresini ve servis maliyetlerini azaltmak i\u00e7in mod\u00fcler bile\u015fenler ve geli\u015fmi\u015f kontrol, ba\u011flant\u0131 ve enerji verimlili\u011fi i\u00e7in optimum bir arabirim i\u00e7erir.<\/p>\n","protected":false},"excerpt":{"rendered":"<p>TruONE\u2122 teknolojisi ile g\u00fc\u00e7lendirilen Zenith ZBTS T-serisi otomatik transfer \u015falterleri,kablo ve ba\u011flant\u0131 say\u0131s\u0131n\u0131 azaltan tek bir kesintisiz, ba\u011f\u0131ms\u0131z \u00fcnitede bir \u015falter ve denetleyici i\u00e7erir. Bu tasar\u0131m kasada yer tasarrufu sa\u011flar ve olas\u0131 ba\u011flant\u0131 ar\u0131zalar\u0131n\u0131 en aza indirir. Buna ek olarak tasar\u0131m, aksama s\u00fcresini ve servis maliyetlerini azaltmak i\u00e7in mod\u00fcler bile\u015fenler ve geli\u015fmi\u015f kontrol, ba\u011flant\u0131 ve [&hellip;]<\/p>\n","protected":false},"author":1,"featured_media":305,"parent":1473,"menu_order":0,"comment_status":"closed","ping_status":"closed","template":"page-details.php","meta":{"inline_featured_image":false,"footnotes":""},"class_list":["post-184","page","type-page","status-publish","has-post-thumbnail","hentry"],"_links":{"self":[{"href":"https:\/\/caem.com.tr\/tr\/wp-json\/wp\/v2\/pages\/184","targetHints":{"allow":["GET"]}}],"collection":[{"href":"https:\/\/caem.com.tr\/tr\/wp-json\/wp\/v2\/pages"}],"about":[{"href":"https:\/\/caem.com.tr\/tr\/wp-json\/wp\/v2\/types\/page"}],"author":[{"embeddable":true,"href":"https:\/\/caem.com.tr\/tr\/wp-json\/wp\/v2\/users\/1"}],"replies":[{"embeddable":true,"href":"https:\/\/caem.com.tr\/tr\/wp-json\/wp\/v2\/comments?post=184"}],"version-history":[{"count":2,"href":"https:\/\/caem.com.tr\/tr\/wp-json\/wp\/v2\/pages\/184\/revisions"}],"predecessor-version":[{"id":300,"href":"https:\/\/caem.com.tr\/tr\/wp-json\/wp\/v2\/pages\/184\/revisions\/300"}],"up":[{"embeddable":true,"href":"https:\/\/caem.com.tr\/tr\/wp-json\/wp\/v2\/pages\/1473"}],"wp:featuredmedia":[{"embeddable":true,"href":"https:\/\/caem.com.tr\/tr\/wp-json\/wp\/v2\/media\/305"}],"wp:attachment":[{"href":"https:\/\/caem.com.tr\/tr\/wp-json\/wp\/v2\/media?parent=184"}],"curies":[{"name":"wp","href":"https:\/\/api.w.org\/{rel}","templated":true}]}}