{"id":189,"date":"2022-10-08T16:07:18","date_gmt":"2022-10-08T13:07:18","guid":{"rendered":"https:\/\/caem.com.tr\/?page_id=189"},"modified":"2023-07-11T12:44:20","modified_gmt":"2023-07-11T09:44:20","slug":"panasonic","status":"publish","type":"page","link":"https:\/\/caem.com.tr\/tr\/urunlerimiz\/panasonic\/","title":{"rendered":"Panasonic"},"content":{"rendered":"<p>Yang\u0131n Alg\u0131lama Sistemleri<\/p>\n<p>Yang\u0131n Alg\u0131lama Sistemi &#8211; Merkez Cihazlar 5000TR<\/p>\n<ul>\n<li>EBL512 G3<\/li>\n<li>4 Loop<\/li>\n<li>LCD Ekran<\/li>\n<li>1020 adres kapasitesi<\/li>\n<li>4 Dahili S\u00fcpervize Siren \u00c7\u0131k\u0131\u015f\u0131<\/li>\n<li>2 Dahili Programlanabilir R\u00f6le \u00e7\u0131k\u0131\u015f\u0131<\/li>\n<li>4 Dahili Programlanabilir Giri\u015f<\/li>\n<li>4 Dahili G\u00fc\u00e7 Kayna\u011f\u0131 \u00c7\u0131k\u0131\u015f\u0131 4A<\/li>\n<li>T\u00fcrk\u00e7e Dil ve Aray\u00fcz<\/li>\n<li>Yaz\u0131c\u0131s\u0131z 5000TR<\/li>\n<\/ul>\n","protected":false},"excerpt":{"rendered":"<p>Yang\u0131n Alg\u0131lama Sistemleri Yang\u0131n Alg\u0131lama Sistemi &#8211; Merkez Cihazlar 5000TR EBL512 G3 4 Loop LCD Ekran 1020 adres kapasitesi 4 Dahili S\u00fcpervize Siren \u00c7\u0131k\u0131\u015f\u0131 2 Dahili Programlanabilir R\u00f6le \u00e7\u0131k\u0131\u015f\u0131 4 Dahili Programlanabilir Giri\u015f 4 Dahili G\u00fc\u00e7 Kayna\u011f\u0131 \u00c7\u0131k\u0131\u015f\u0131 4A T\u00fcrk\u00e7e Dil ve Aray\u00fcz Yaz\u0131c\u0131s\u0131z 5000TR<\/p>\n","protected":false},"author":1,"featured_media":147,"parent":14,"menu_order":0,"comment_status":"closed","ping_status":"closed","template":"page-details.php","meta":{"inline_featured_image":false,"footnotes":""},"class_list":["post-189","page","type-page","status-publish","has-post-thumbnail","hentry"],"acf":{"sayfa_header_arkaplan_masaustu":false,"sayfa_header_arkaplan_mobil":false,"katalog_linki":{"ID":356,"id":356,"title":"Yangin-Alarm-Sistemleri-Katalogu-TR","filename":"panasonic.pdf","filesize":2409352,"url":"https:\/\/caem.com.tr\/wp-content\/uploads\/2023\/06\/panasonic.pdf","link":"https:\/\/caem.com.tr\/tr\/urunlerimiz\/panasonic\/yangin-alarm-sistemleri-katalogu-tr\/","alt":"","author":"1","description":"","caption":"","name":"yangin-alarm-sistemleri-katalogu-tr","status":"inherit","uploaded_to":189,"date":"2023-06-12 12:00:48","modified":"2023-06-12 12:00:48","menu_order":0,"mime_type":"application\/pdf","type":"application","subtype":"pdf","icon":"https:\/\/caem.com.tr\/wp-includes\/images\/media\/document.png"},"urun_ozellikleri_1_baslik":"","urun_ozellikleri_1_icerikler":false,"urun_ozellikleri_2_baslik":"","urun_ozellikleri_2_icerikler":false,"katalog_url":"","menu_gorseli":{"ID":543,"id":543,"title":"panasonic","filename":"panasonic-1.png","filesize":33969,"url":"https:\/\/caem.com.tr\/wp-content\/uploads\/2023\/06\/panasonic-1.png","link":"https:\/\/caem.com.tr\/tr\/urunlerimiz\/panasonic\/panasonic\/","alt":"","author":"1","description":"","caption":"","name":"panasonic","status":"inherit","uploaded_to":189,"date":"2023-06-23 11:00:14","modified":"2023-06-23 11:00:14","menu_order":0,"mime_type":"image\/png","type":"image","subtype":"png","icon":"https:\/\/caem.com.tr\/wp-includes\/images\/media\/default.png","width":666,"height":192,"sizes":{"thumbnail":"https:\/\/caem.com.tr\/wp-content\/uploads\/2023\/06\/panasonic-1-150x150.png","thumbnail-width":150,"thumbnail-height":150,"medium":"https:\/\/caem.com.tr\/wp-content\/uploads\/2023\/06\/panasonic-1-300x86.png","medium-width":300,"medium-height":86,"medium_large":"https:\/\/caem.com.tr\/wp-content\/uploads\/2023\/06\/panasonic-1.png","medium_large-width":666,"medium_large-height":192,"large":"https:\/\/caem.com.tr\/wp-content\/uploads\/2023\/06\/panasonic-1.png","large-width":666,"large-height":192,"1536x1536":"https:\/\/caem.com.tr\/wp-content\/uploads\/2023\/06\/panasonic-1.png","1536x1536-width":666,"1536x1536-height":192,"2048x2048":"https:\/\/caem.com.tr\/wp-content\/uploads\/2023\/06\/panasonic-1.png","2048x2048-width":666,"2048x2048-height":192,"post-thumbnail":"https:\/\/caem.com.tr\/wp-content\/uploads\/2023\/06\/panasonic-1-660x192.png","post-thumbnail-width":660,"post-thumbnail-height":192,"category-img":"https:\/\/caem.com.tr\/wp-content\/uploads\/2023\/06\/panasonic-1-430x192.png","category-img-width":430,"category-img-height":192,"category-img-mobil":"https:\/\/caem.com.tr\/wp-content\/uploads\/2023\/06\/panasonic-1-300x192.png","category-img-mobil-width":300,"category-img-mobil-height":192,"news-img":"https:\/\/caem.com.tr\/wp-content\/uploads\/2023\/06\/panasonic-1-430x192.png","news-img-width":430,"news-img-height":192}}},"_links":{"self":[{"href":"https:\/\/caem.com.tr\/tr\/wp-json\/wp\/v2\/pages\/189","targetHints":{"allow":["GET"]}}],"collection":[{"href":"https:\/\/caem.com.tr\/tr\/wp-json\/wp\/v2\/pages"}],"about":[{"href":"https:\/\/caem.com.tr\/tr\/wp-json\/wp\/v2\/types\/page"}],"author":[{"embeddable":true,"href":"https:\/\/caem.com.tr\/tr\/wp-json\/wp\/v2\/users\/1"}],"replies":[{"embeddable":true,"href":"https:\/\/caem.com.tr\/tr\/wp-json\/wp\/v2\/comments?post=189"}],"version-history":[{"count":4,"href":"https:\/\/caem.com.tr\/tr\/wp-json\/wp\/v2\/pages\/189\/revisions"}],"predecessor-version":[{"id":545,"href":"https:\/\/caem.com.tr\/tr\/wp-json\/wp\/v2\/pages\/189\/revisions\/545"}],"up":[{"embeddable":true,"href":"https:\/\/caem.com.tr\/tr\/wp-json\/wp\/v2\/pages\/14"}],"wp:featuredmedia":[{"embeddable":true,"href":"https:\/\/caem.com.tr\/tr\/wp-json\/wp\/v2\/media\/147"}],"wp:attachment":[{"href":"https:\/\/caem.com.tr\/tr\/wp-json\/wp\/v2\/media?parent=189"}],"curies":[{"name":"wp","href":"https:\/\/api.w.org\/{rel}","templated":true}]}}