{"id":301,"date":"2023-06-12T14:20:17","date_gmt":"2023-06-12T11:20:17","guid":{"rendered":"https:\/\/caem.com.tr\/?page_id=301"},"modified":"2025-08-06T00:51:34","modified_gmt":"2025-08-05T21:51:34","slug":"compact-ats","status":"publish","type":"page","link":"https:\/\/caem.com.tr\/tr\/urunlerimiz\/abb\/otomatik-transfer-salterleri\/compact-ats\/","title":{"rendered":"Compact ATS"},"content":{"rendered":"<p>ABB&#8217;nin yeni Kompakt ATS&#8217;si, en \u00f6nemli verilerinizi emanet etti\u011finiz bir \u00fcr\u00fcnden bekleyebilece\u011finiz t\u00fcm g\u00fcvenlik ve performans\u0131 sa\u011flayan \u00a0kompakt, ekonomik ve yenilik\u00e7i hepsi bir arada \u00e7\u00f6z\u00fcmd\u00fcr. Bir otomatik transfer \u015falterinin karma\u015f\u0131k ve kullan\u0131m\u0131n\u0131n zor olmas\u0131 gerekmez. Geleneksel \u00e7\u00f6z\u00fcmlerle kar\u015f\u0131la\u015ft\u0131r\u0131ld\u0131\u011f\u0131nda ABB Kompakt ATS, %40 daha kompakt bir pakette %100 daha kolay ve daha basit kullan\u0131m sunar.<\/p>\n","protected":false},"excerpt":{"rendered":"<p>ABB&#8217;nin yeni Kompakt ATS&#8217;si, en \u00f6nemli verilerinizi emanet etti\u011finiz bir \u00fcr\u00fcnden bekleyebilece\u011finiz t\u00fcm g\u00fcvenlik ve performans\u0131 sa\u011flayan \u00a0kompakt, ekonomik ve yenilik\u00e7i hepsi bir arada \u00e7\u00f6z\u00fcmd\u00fcr. Bir otomatik transfer \u015falterinin karma\u015f\u0131k ve kullan\u0131m\u0131n\u0131n zor olmas\u0131 gerekmez. Geleneksel \u00e7\u00f6z\u00fcmlerle kar\u015f\u0131la\u015ft\u0131r\u0131ld\u0131\u011f\u0131nda ABB Kompakt ATS, %40 daha kompakt bir pakette %100 daha kolay ve daha basit kullan\u0131m sunar.<\/p>\n","protected":false},"author":1,"featured_media":306,"parent":1473,"menu_order":0,"comment_status":"closed","ping_status":"closed","template":"page-details.php","meta":{"inline_featured_image":false,"footnotes":""},"class_list":["post-301","page","type-page","status-publish","has-post-thumbnail","hentry"],"_links":{"self":[{"href":"https:\/\/caem.com.tr\/tr\/wp-json\/wp\/v2\/pages\/301","targetHints":{"allow":["GET"]}}],"collection":[{"href":"https:\/\/caem.com.tr\/tr\/wp-json\/wp\/v2\/pages"}],"about":[{"href":"https:\/\/caem.com.tr\/tr\/wp-json\/wp\/v2\/types\/page"}],"author":[{"embeddable":true,"href":"https:\/\/caem.com.tr\/tr\/wp-json\/wp\/v2\/users\/1"}],"replies":[{"embeddable":true,"href":"https:\/\/caem.com.tr\/tr\/wp-json\/wp\/v2\/comments?post=301"}],"version-history":[{"count":1,"href":"https:\/\/caem.com.tr\/tr\/wp-json\/wp\/v2\/pages\/301\/revisions"}],"predecessor-version":[{"id":304,"href":"https:\/\/caem.com.tr\/tr\/wp-json\/wp\/v2\/pages\/301\/revisions\/304"}],"up":[{"embeddable":true,"href":"https:\/\/caem.com.tr\/tr\/wp-json\/wp\/v2\/pages\/1473"}],"wp:featuredmedia":[{"embeddable":true,"href":"https:\/\/caem.com.tr\/tr\/wp-json\/wp\/v2\/media\/306"}],"wp:attachment":[{"href":"https:\/\/caem.com.tr\/tr\/wp-json\/wp\/v2\/media?parent=301"}],"curies":[{"name":"wp","href":"https:\/\/api.w.org\/{rel}","templated":true}]}}