{"id":452,"date":"2023-06-14T15:12:44","date_gmt":"2023-06-14T12:12:44","guid":{"rendered":"https:\/\/caem.com.tr\/?page_id=452"},"modified":"2025-07-15T14:33:23","modified_gmt":"2025-07-15T11:33:23","slug":"power-distrubution","status":"publish","type":"page","link":"https:\/\/caem.com.tr\/tr\/urunlerimiz\/rittal\/power-distrubution\/","title":{"rendered":"G\u00fc\u00e7 da\u011f\u0131t\u0131m\u0131"},"content":{"rendered":"","protected":false},"excerpt":{"rendered":"","protected":false},"author":1,"featured_media":453,"parent":70,"menu_order":0,"comment_status":"closed","ping_status":"closed","template":"page-details.php","meta":{"inline_featured_image":false,"footnotes":""},"class_list":["post-452","page","type-page","status-publish","has-post-thumbnail","hentry"],"acf":{"sayfa_header_arkaplan_masaustu":false,"sayfa_header_arkaplan_mobil":false,"katalog_linki":false,"urun_ozellikleri_1_baslik":"","urun_ozellikleri_1_icerikler":false,"urun_ozellikleri_2_baslik":"","urun_ozellikleri_2_icerikler":false,"katalog_url":"https:\/\/www.rittal.com\/tr-tr\/Services\/Download-Center?cat=4,11&lang=en&s=date&sd=descending","menu_gorseli":false},"_links":{"self":[{"href":"https:\/\/caem.com.tr\/tr\/wp-json\/wp\/v2\/pages\/452","targetHints":{"allow":["GET"]}}],"collection":[{"href":"https:\/\/caem.com.tr\/tr\/wp-json\/wp\/v2\/pages"}],"about":[{"href":"https:\/\/caem.com.tr\/tr\/wp-json\/wp\/v2\/types\/page"}],"author":[{"embeddable":true,"href":"https:\/\/caem.com.tr\/tr\/wp-json\/wp\/v2\/users\/1"}],"replies":[{"embeddable":true,"href":"https:\/\/caem.com.tr\/tr\/wp-json\/wp\/v2\/comments?post=452"}],"version-history":[{"count":3,"href":"https:\/\/caem.com.tr\/tr\/wp-json\/wp\/v2\/pages\/452\/revisions"}],"predecessor-version":[{"id":1287,"href":"https:\/\/caem.com.tr\/tr\/wp-json\/wp\/v2\/pages\/452\/revisions\/1287"}],"up":[{"embeddable":true,"href":"https:\/\/caem.com.tr\/tr\/wp-json\/wp\/v2\/pages\/70"}],"wp:featuredmedia":[{"embeddable":true,"href":"https:\/\/caem.com.tr\/tr\/wp-json\/wp\/v2\/media\/453"}],"wp:attachment":[{"href":"https:\/\/caem.com.tr\/tr\/wp-json\/wp\/v2\/media?parent=452"}],"curies":[{"name":"wp","href":"https:\/\/api.w.org\/{rel}","templated":true}]}}