{"id":77,"date":"2022-09-06T19:53:32","date_gmt":"2022-09-06T16:53:32","guid":{"rendered":"https:\/\/caem.com.tr\/?page_id=77"},"modified":"2025-08-06T00:53:08","modified_gmt":"2025-08-05T21:53:08","slug":"truone-ats","status":"publish","type":"page","link":"https:\/\/caem.com.tr\/tr\/urunlerimiz\/abb\/otomatik-transfer-salterleri\/truone-ats\/","title":{"rendered":"TruONE ATS"},"content":{"rendered":"<p><strong>D\u00fcnyan\u0131n ilk ger\u00e7ek ATS\u2019si<\/strong><\/p>\n<p>Tamamen yeni TruONE\u00ae, anahtarlama ve kontrol\u00fc kusursuz tek bir \u00fcnitede birle\u015ftirmek \u00fczere tasarlanm\u0131\u015f, d\u00fcnyan\u0131n amaca y\u00f6nelik ilk ger\u00e7ek otomatik transfer \u015falteridir. Performans\u0131 standart gereksinimlerin \u00f6tesinde test edilen TruONE\u00ae, kritik g\u00fcc\u00fc d\u00fczenli olarak sa\u011flamaya her zaman haz\u0131rd\u0131r. Kablo ve ba\u011flant\u0131 say\u0131s\u0131n\u0131 azaltan kendine \u00f6zg\u00fc tasar\u0131m\u0131, kurulum s\u00fcresini k\u0131salt\u0131r ve olas\u0131 ba\u011flant\u0131 hatalar\u0131n\u0131 en aza indirerek s\u0131n\u0131f\u0131ndaki en iyi g\u00fcvenilirli\u011fi sa\u011flar.TruONE\u00ae geli\u015fmi\u015f ba\u011flanabilirli\u011fi ile gelece\u011fe haz\u0131rd\u0131r.<\/p>\n<p>&nbsp;<\/p>\n","protected":false},"excerpt":{"rendered":"<p>D\u00fcnyan\u0131n ilk ger\u00e7ek ATS\u2019si Tamamen yeni TruONE\u00ae, anahtarlama ve kontrol\u00fc kusursuz tek bir \u00fcnitede birle\u015ftirmek \u00fczere tasarlanm\u0131\u015f, d\u00fcnyan\u0131n amaca y\u00f6nelik ilk ger\u00e7ek otomatik transfer \u015falteridir. Performans\u0131 standart gereksinimlerin \u00f6tesinde test edilen TruONE\u00ae, kritik g\u00fcc\u00fc d\u00fczenli olarak sa\u011flamaya her zaman haz\u0131rd\u0131r. Kablo ve ba\u011flant\u0131 say\u0131s\u0131n\u0131 azaltan kendine \u00f6zg\u00fc tasar\u0131m\u0131, kurulum s\u00fcresini k\u0131salt\u0131r ve olas\u0131 ba\u011flant\u0131 hatalar\u0131n\u0131 [&hellip;]<\/p>\n","protected":false},"author":1,"featured_media":213,"parent":1473,"menu_order":0,"comment_status":"closed","ping_status":"closed","template":"page-details.php","meta":{"inline_featured_image":false,"footnotes":""},"class_list":["post-77","page","type-page","status-publish","has-post-thumbnail","hentry"],"_links":{"self":[{"href":"https:\/\/caem.com.tr\/tr\/wp-json\/wp\/v2\/pages\/77","targetHints":{"allow":["GET"]}}],"collection":[{"href":"https:\/\/caem.com.tr\/tr\/wp-json\/wp\/v2\/pages"}],"about":[{"href":"https:\/\/caem.com.tr\/tr\/wp-json\/wp\/v2\/types\/page"}],"author":[{"embeddable":true,"href":"https:\/\/caem.com.tr\/tr\/wp-json\/wp\/v2\/users\/1"}],"replies":[{"embeddable":true,"href":"https:\/\/caem.com.tr\/tr\/wp-json\/wp\/v2\/comments?post=77"}],"version-history":[{"count":13,"href":"https:\/\/caem.com.tr\/tr\/wp-json\/wp\/v2\/pages\/77\/revisions"}],"predecessor-version":[{"id":290,"href":"https:\/\/caem.com.tr\/tr\/wp-json\/wp\/v2\/pages\/77\/revisions\/290"}],"up":[{"embeddable":true,"href":"https:\/\/caem.com.tr\/tr\/wp-json\/wp\/v2\/pages\/1473"}],"wp:featuredmedia":[{"embeddable":true,"href":"https:\/\/caem.com.tr\/tr\/wp-json\/wp\/v2\/media\/213"}],"wp:attachment":[{"href":"https:\/\/caem.com.tr\/tr\/wp-json\/wp\/v2\/media?parent=77"}],"curies":[{"name":"wp","href":"https:\/\/api.w.org\/{rel}","templated":true}]}}